{"id":1650,"date":"2025-04-19T10:11:08","date_gmt":"2025-04-19T10:11:08","guid":{"rendered":"https:\/\/solennbijoux.com\/lets-keep-in-touch\/"},"modified":"2025-04-21T01:04:24","modified_gmt":"2025-04-21T01:04:24","slug":"lets-keep-in-touch","status":"publish","type":"page","link":"https:\/\/solennbijoux.com\/de\/lets-keep-in-touch\/","title":{"rendered":"Bleiben wir in Kontakt"},"content":{"rendered":"<p class=\"p1\">Hallo <span id=\"bwfan_contact_name\">John<\/span>,<\/p>\n<p class=\"p1\">Helfen Sie uns, Ihre Erfahrungen zu verbessern, indem Sie die Art und Weise, wie wir mit Ihnen kommunizieren, verfeinern.<\/p>\n<p class=\"p1\">Sie k\u00f6nnen Ihre Einstellungen f\u00fcr die E-Mail-Adresse anpassen <span id=\"bwfan_contact_email\">john@example.com<\/span>.<\/p>\n<p class=\"p1\">.<\/p>","protected":false},"excerpt":{"rendered":"<p>Bonjour , Aidez-nous \u00e0 am\u00e9liorer votre exp\u00e9rience en affinant la fa\u00e7on dont nous communiquons avec vous. Vous pouvez ajuster vos pr\u00e9f\u00e9rences pour l\u2019adresse e-mail . .<\/p>","protected":false},"author":1,"featured_media":0,"parent":0,"menu_order":0,"comment_status":"closed","ping_status":"closed","template":"","meta":{"footnotes":""},"class_list":["post-1650","page","type-page","status-publish","hentry"],"_links":{"self":[{"href":"https:\/\/solennbijoux.com\/de\/wp-json\/wp\/v2\/pages\/1650","targetHints":{"allow":["GET"]}}],"collection":[{"href":"https:\/\/solennbijoux.com\/de\/wp-json\/wp\/v2\/pages"}],"about":[{"href":"https:\/\/solennbijoux.com\/de\/wp-json\/wp\/v2\/types\/page"}],"author":[{"embeddable":true,"href":"https:\/\/solennbijoux.com\/de\/wp-json\/wp\/v2\/users\/1"}],"replies":[{"embeddable":true,"href":"https:\/\/solennbijoux.com\/de\/wp-json\/wp\/v2\/comments?post=1650"}],"version-history":[{"count":3,"href":"https:\/\/solennbijoux.com\/de\/wp-json\/wp\/v2\/pages\/1650\/revisions"}],"predecessor-version":[{"id":1682,"href":"https:\/\/solennbijoux.com\/de\/wp-json\/wp\/v2\/pages\/1650\/revisions\/1682"}],"wp:attachment":[{"href":"https:\/\/solennbijoux.com\/de\/wp-json\/wp\/v2\/media?parent=1650"}],"curies":[{"name":"wp","href":"https:\/\/api.w.org\/{rel}","templated":true}]}}