{"id":1030,"date":"2025-03-25T18:16:25","date_gmt":"2025-03-25T18:16:25","guid":{"rendered":"https:\/\/solennbijoux.com\/?post_type=product&#038;p=1030"},"modified":"2026-01-11T19:12:55","modified_gmt":"2026-01-11T18:12:55","slug":"collier-eva","status":"publish","type":"product","link":"https:\/\/solennbijoux.com\/de\/produkt\/collier-eva\/","title":{"rendered":"Halsband EVA"},"content":{"rendered":"","protected":false},"excerpt":{"rendered":"<p>Entdecken Sie die EVA-Halskette, ein au\u00dfergew\u00f6hnliches Schmuckst\u00fcck, das in Frankreich handgefertigt wurde. Diese Halskette ist eine wahre Ode an die Sch\u00f6nheit von Natursteinen und den warmen Glanz von 14k Goldm\u00e4dchen. Der barock geformte Natursteinanh\u00e4nger, der in f\u00fcnf einzigartigen Ausf\u00fchrungen erh\u00e4ltlich ist, verleiht diesem raffinierten Schmuckst\u00fcck einen Hauch von Farbe und Originalit\u00e4t.<\/p>","protected":false},"featured_media":1042,"comment_status":"open","ping_status":"closed","template":"","meta":[],"product_brand":[],"product_cat":[352,226,161,351],"product_tag":[229,232,251,157,194,199],"class_list":{"0":"post-1030","1":"product","2":"type-product","3":"status-publish","4":"has-post-thumbnail","6":"product_cat-352","7":"product_cat-colliers","8":"product_cat-femme","9":"product_cat-soldes","10":"product_tag-agate","11":"product_tag-charoite","12":"product_tag-gold-filled","13":"product_tag-labradorite","14":"product_tag-lapis-lazuli","15":"product_tag-opale","17":"first","18":"instock","19":"shipping-taxable","20":"purchasable","21":"product-type-variable","22":"has-default-attributes"},"_links":{"self":[{"href":"https:\/\/solennbijoux.com\/de\/wp-json\/wp\/v2\/product\/1030","targetHints":{"allow":["GET"]}}],"collection":[{"href":"https:\/\/solennbijoux.com\/de\/wp-json\/wp\/v2\/product"}],"about":[{"href":"https:\/\/solennbijoux.com\/de\/wp-json\/wp\/v2\/types\/product"}],"replies":[{"embeddable":true,"href":"https:\/\/solennbijoux.com\/de\/wp-json\/wp\/v2\/comments?post=1030"}],"wp:featuredmedia":[{"embeddable":true,"href":"https:\/\/solennbijoux.com\/de\/wp-json\/wp\/v2\/media\/1042"}],"wp:attachment":[{"href":"https:\/\/solennbijoux.com\/de\/wp-json\/wp\/v2\/media?parent=1030"}],"wp:term":[{"taxonomy":"product_brand","embeddable":true,"href":"https:\/\/solennbijoux.com\/de\/wp-json\/wp\/v2\/product_brand?post=1030"},{"taxonomy":"product_cat","embeddable":true,"href":"https:\/\/solennbijoux.com\/de\/wp-json\/wp\/v2\/product_cat?post=1030"},{"taxonomy":"product_tag","embeddable":true,"href":"https:\/\/solennbijoux.com\/de\/wp-json\/wp\/v2\/product_tag?post=1030"}],"curies":[{"name":"wp","href":"https:\/\/api.w.org\/{rel}","templated":true}]}}