{"id":1067,"date":"2025-03-26T01:14:10","date_gmt":"2025-03-26T01:14:10","guid":{"rendered":"https:\/\/solennbijoux.com\/?post_type=product&#038;p=1067"},"modified":"2025-06-24T20:27:53","modified_gmt":"2025-06-24T18:27:53","slug":"bracelet-lunique","status":"publish","type":"product","link":"https:\/\/solennbijoux.com\/de\/produkt\/bracelet-lunique\/","title":{"rendered":"Armband L'UNIQUE"},"content":{"rendered":"","protected":false},"excerpt":{"rendered":"<p>Erleuchten Sie Ihr Handgelenk mit dem Armband L'UNIQUE, einem St\u00fcck franz\u00f6sischer Handwerkskunst, das das Licht und die Farbe feiert. Sein Anh\u00e4nger aus farbigem Zirkoniumoxid, der in 14k Gold gefasst ist, verspricht Glanz, w\u00e4hrend die Goldm\u00e4dchenperlen Ihrem Stil einen Hauch von Raffinesse verleihen.<\/p>","protected":false},"featured_media":2353,"comment_status":"open","ping_status":"closed","template":"","meta":[],"product_brand":[],"product_cat":[233,161],"product_tag":[163],"class_list":{"0":"post-1067","1":"product","2":"type-product","3":"status-publish","4":"has-post-thumbnail","6":"product_cat-bracelets","7":"product_cat-femme","8":"product_tag-oxyde-de-zirconium","10":"first","11":"instock","12":"featured","13":"shipping-taxable","14":"purchasable","15":"product-type-variable","16":"has-default-attributes"},"_links":{"self":[{"href":"https:\/\/solennbijoux.com\/de\/wp-json\/wp\/v2\/product\/1067","targetHints":{"allow":["GET"]}}],"collection":[{"href":"https:\/\/solennbijoux.com\/de\/wp-json\/wp\/v2\/product"}],"about":[{"href":"https:\/\/solennbijoux.com\/de\/wp-json\/wp\/v2\/types\/product"}],"replies":[{"embeddable":true,"href":"https:\/\/solennbijoux.com\/de\/wp-json\/wp\/v2\/comments?post=1067"}],"wp:featuredmedia":[{"embeddable":true,"href":"https:\/\/solennbijoux.com\/de\/wp-json\/wp\/v2\/media\/2353"}],"wp:attachment":[{"href":"https:\/\/solennbijoux.com\/de\/wp-json\/wp\/v2\/media?parent=1067"}],"wp:term":[{"taxonomy":"product_brand","embeddable":true,"href":"https:\/\/solennbijoux.com\/de\/wp-json\/wp\/v2\/product_brand?post=1067"},{"taxonomy":"product_cat","embeddable":true,"href":"https:\/\/solennbijoux.com\/de\/wp-json\/wp\/v2\/product_cat?post=1067"},{"taxonomy":"product_tag","embeddable":true,"href":"https:\/\/solennbijoux.com\/de\/wp-json\/wp\/v2\/product_tag?post=1067"}],"curies":[{"name":"wp","href":"https:\/\/api.w.org\/{rel}","templated":true}]}}