{"id":1114,"date":"2025-03-26T22:53:09","date_gmt":"2025-03-26T22:53:09","guid":{"rendered":"https:\/\/solennbijoux.com\/?post_type=product&#038;p=1114"},"modified":"2026-03-19T11:46:28","modified_gmt":"2026-03-19T10:46:28","slug":"bracelet-liberte","status":"publish","type":"product","link":"https:\/\/solennbijoux.com\/de\/produkt\/bracelet-liberte\/","title":{"rendered":"Armband LIBERT\u00c9"},"content":{"rendered":"","protected":false},"excerpt":{"rendered":"<p>Das Armband LIBERT\u00c9 ist ein einzigartiges St\u00fcck, das f\u00fcr Frauen entworfen wurde, die originellen und raffinierten Schmuck lieben. Es besteht aus runden Perlen in 14k Gold Girl, Tops in hochwertigem Kristall, Heishi-Rondellen, runden Perlen und facettierten runden Perlen aus Natursteinen. Jedes Armband wird f\u00fcr eine perfekte Passform ma\u00dfgefertigt.<\/p>","protected":false},"featured_media":1136,"comment_status":"open","ping_status":"closed","template":"","meta":[],"product_brand":[],"product_cat":[353,233,161,351],"product_tag":[211,202,87,243,251,201,198,164,204,244],"class_list":{"0":"post-1114","1":"product","2":"type-product","3":"status-publish","4":"has-post-thumbnail","6":"product_cat-353","7":"product_cat-bracelets","8":"product_cat-femme","9":"product_cat-soldes","10":"product_tag-agate-mousse","11":"product_tag-aigue-marine","12":"product_tag-amazonite","13":"product_tag-bronzite","14":"product_tag-gold-filled","15":"product_tag-grenat","16":"product_tag-hematite","17":"product_tag-nacre","18":"product_tag-quartz-rose","19":"product_tag-serpentine","21":"first","22":"instock","23":"shipping-taxable","24":"purchasable","25":"product-type-variable","26":"has-default-attributes"},"_links":{"self":[{"href":"https:\/\/solennbijoux.com\/de\/wp-json\/wp\/v2\/product\/1114","targetHints":{"allow":["GET"]}}],"collection":[{"href":"https:\/\/solennbijoux.com\/de\/wp-json\/wp\/v2\/product"}],"about":[{"href":"https:\/\/solennbijoux.com\/de\/wp-json\/wp\/v2\/types\/product"}],"replies":[{"embeddable":true,"href":"https:\/\/solennbijoux.com\/de\/wp-json\/wp\/v2\/comments?post=1114"}],"wp:featuredmedia":[{"embeddable":true,"href":"https:\/\/solennbijoux.com\/de\/wp-json\/wp\/v2\/media\/1136"}],"wp:attachment":[{"href":"https:\/\/solennbijoux.com\/de\/wp-json\/wp\/v2\/media?parent=1114"}],"wp:term":[{"taxonomy":"product_brand","embeddable":true,"href":"https:\/\/solennbijoux.com\/de\/wp-json\/wp\/v2\/product_brand?post=1114"},{"taxonomy":"product_cat","embeddable":true,"href":"https:\/\/solennbijoux.com\/de\/wp-json\/wp\/v2\/product_cat?post=1114"},{"taxonomy":"product_tag","embeddable":true,"href":"https:\/\/solennbijoux.com\/de\/wp-json\/wp\/v2\/product_tag?post=1114"}],"curies":[{"name":"wp","href":"https:\/\/api.w.org\/{rel}","templated":true}]}}