{"id":1174,"date":"2025-03-27T23:27:14","date_gmt":"2025-03-27T23:27:14","guid":{"rendered":"https:\/\/solennbijoux.com\/?post_type=product&#038;p=1174"},"modified":"2026-01-11T19:11:43","modified_gmt":"2026-01-11T18:11:43","slug":"bracelet-phuquoc","status":"publish","type":"product","link":"https:\/\/solennbijoux.com\/de\/produkt\/bracelet-phuquoc\/","title":{"rendered":"PHU QUOC Armband"},"content":{"rendered":"","protected":false},"excerpt":{"rendered":"<p>Das Armband Phu Quoc ist ein einzigartiges St\u00fcck, das f\u00fcr diejenigen entworfen wurde, die originellen und raffinierten Schmuck lieben. Es besteht aus runden Perlen aus 14k Goldm\u00e4dchen, Zuchtperlen in Olivenform und W\u00fcrfelperlen aus exotischen Steinen. Jedes Armband wird f\u00fcr eine perfekte Passform ma\u00dfgefertigt.<\/p>","protected":false},"featured_media":1382,"comment_status":"open","ping_status":"closed","template":"","meta":[],"product_brand":[],"product_cat":[354,233,161,351],"product_tag":[231,251,201,317,209,230],"class_list":{"0":"post-1174","1":"product","2":"type-product","3":"status-publish","4":"has-post-thumbnail","6":"product_cat-354","7":"product_cat-bracelets","8":"product_cat-femme","9":"product_cat-soldes","10":"product_tag-chrysoprase","11":"product_tag-gold-filled","12":"product_tag-grenat","13":"product_tag-perles","14":"product_tag-perles-de-culture","15":"product_tag-rhodonite","17":"first","18":"instock","19":"shipping-taxable","20":"purchasable","21":"product-type-variable","22":"has-default-attributes"},"_links":{"self":[{"href":"https:\/\/solennbijoux.com\/de\/wp-json\/wp\/v2\/product\/1174","targetHints":{"allow":["GET"]}}],"collection":[{"href":"https:\/\/solennbijoux.com\/de\/wp-json\/wp\/v2\/product"}],"about":[{"href":"https:\/\/solennbijoux.com\/de\/wp-json\/wp\/v2\/types\/product"}],"replies":[{"embeddable":true,"href":"https:\/\/solennbijoux.com\/de\/wp-json\/wp\/v2\/comments?post=1174"}],"wp:featuredmedia":[{"embeddable":true,"href":"https:\/\/solennbijoux.com\/de\/wp-json\/wp\/v2\/media\/1382"}],"wp:attachment":[{"href":"https:\/\/solennbijoux.com\/de\/wp-json\/wp\/v2\/media?parent=1174"}],"wp:term":[{"taxonomy":"product_brand","embeddable":true,"href":"https:\/\/solennbijoux.com\/de\/wp-json\/wp\/v2\/product_brand?post=1174"},{"taxonomy":"product_cat","embeddable":true,"href":"https:\/\/solennbijoux.com\/de\/wp-json\/wp\/v2\/product_cat?post=1174"},{"taxonomy":"product_tag","embeddable":true,"href":"https:\/\/solennbijoux.com\/de\/wp-json\/wp\/v2\/product_tag?post=1174"}],"curies":[{"name":"wp","href":"https:\/\/api.w.org\/{rel}","templated":true}]}}