{"id":1236,"date":"2025-03-28T20:11:40","date_gmt":"2025-03-28T20:11:40","guid":{"rendered":"https:\/\/solennbijoux.com\/?post_type=product&#038;p=1236"},"modified":"2026-01-11T19:11:05","modified_gmt":"2026-01-11T18:11:05","slug":"bracelet-loane","status":"publish","type":"product","link":"https:\/\/solennbijoux.com\/de\/produkt\/bracelet-loane\/","title":{"rendered":"Armband LOANE"},"content":{"rendered":"","protected":false},"excerpt":{"rendered":"<p>Das LOANE Armband von Solenn verk\u00f6rpert mit seinen kostbaren Perlen und dem goldenen Glanz pure Sch\u00f6nheit. Jedes St\u00fcck ist eine Hommage an die franz\u00f6sische Handwerkskunst und wird mit minuti\u00f6ser Pr\u00e4zision von Hand gefertigt. Diese Armb\u00e4nder, in denen sich die Noblesse von 14-kar\u00e4tigem Goldm\u00e4dchen und die Einzigartigkeit facettierter Edelsteine vereinen, bieten eine Palette lebendiger Farben und Texturen, die fesseln und bezaubern. W\u00e4hlen Sie zwischen der mystischen Sanftheit von <strong>Chrysopras<\/strong>Die subtile Brillanz der <strong>Pyrit<\/strong>Die brennende Leidenschaft des <strong>Granat<\/strong>oder die Gelassenheit der <strong>Rhodonit<\/strong>. Tragen Sie das LOANE-Armband und tragen Sie ein St\u00fcck Erde mit sich, das raffiniert zu einem allt\u00e4glichen Accessoire verarbeitet wurde, das garantiert die Blicke auf sich zieht.<\/p>","protected":false},"featured_media":1248,"comment_status":"open","ping_status":"closed","template":"","meta":[],"product_brand":[],"product_cat":[354,233,161,351],"product_tag":[231,251,201,246,230],"class_list":{"0":"post-1236","1":"product","2":"type-product","3":"status-publish","4":"has-post-thumbnail","6":"product_cat-354","7":"product_cat-bracelets","8":"product_cat-femme","9":"product_cat-soldes","10":"product_tag-chrysoprase","11":"product_tag-gold-filled","12":"product_tag-grenat","13":"product_tag-pyrite","14":"product_tag-rhodonite","16":"first","17":"instock","18":"shipping-taxable","19":"purchasable","20":"product-type-variable","21":"has-default-attributes"},"_links":{"self":[{"href":"https:\/\/solennbijoux.com\/de\/wp-json\/wp\/v2\/product\/1236","targetHints":{"allow":["GET"]}}],"collection":[{"href":"https:\/\/solennbijoux.com\/de\/wp-json\/wp\/v2\/product"}],"about":[{"href":"https:\/\/solennbijoux.com\/de\/wp-json\/wp\/v2\/types\/product"}],"replies":[{"embeddable":true,"href":"https:\/\/solennbijoux.com\/de\/wp-json\/wp\/v2\/comments?post=1236"}],"wp:featuredmedia":[{"embeddable":true,"href":"https:\/\/solennbijoux.com\/de\/wp-json\/wp\/v2\/media\/1248"}],"wp:attachment":[{"href":"https:\/\/solennbijoux.com\/de\/wp-json\/wp\/v2\/media?parent=1236"}],"wp:term":[{"taxonomy":"product_brand","embeddable":true,"href":"https:\/\/solennbijoux.com\/de\/wp-json\/wp\/v2\/product_brand?post=1236"},{"taxonomy":"product_cat","embeddable":true,"href":"https:\/\/solennbijoux.com\/de\/wp-json\/wp\/v2\/product_cat?post=1236"},{"taxonomy":"product_tag","embeddable":true,"href":"https:\/\/solennbijoux.com\/de\/wp-json\/wp\/v2\/product_tag?post=1236"}],"curies":[{"name":"wp","href":"https:\/\/api.w.org\/{rel}","templated":true}]}}