{"id":1262,"date":"2025-03-28T21:35:52","date_gmt":"2025-03-28T21:35:52","guid":{"rendered":"https:\/\/solennbijoux.com\/?post_type=product&#038;p=1262"},"modified":"2026-01-11T19:10:52","modified_gmt":"2026-01-11T18:10:52","slug":"bracelet-diane","status":"publish","type":"product","link":"https:\/\/solennbijoux.com\/de\/produkt\/bracelet-diane\/","title":{"rendered":"Armband DIANE"},"content":{"rendered":"","protected":false},"excerpt":{"rendered":"<p>Das DIANE-Armband von Solenn ist eine Feier der nat\u00fcrlichen Eleganz und des diskreten Charmes. Das Armband wurde in Frankreich handgefertigt und verk\u00f6rpert Feinheit und Raffinesse. Mit seinen <strong>Zuchtperlen<\/strong> mit sanften Schattierungen von Wei\u00df, Dunkelblau und Rosa f\u00e4ngt dieses Schmuckst\u00fcck die Essenz raffinierter Weiblichkeit ein. Die Perlen, die aufgrund ihrer unregelm\u00e4\u00dfigen Form und ihres einzigartigen Glanzes sorgf\u00e4ltig ausgew\u00e4hlt wurden, werden durch kleine 14-kar\u00e4tige Goldm\u00e4dchenperlen erg\u00e4nzt, die eine bemerkenswerte Wasserbest\u00e4ndigkeit bieten. DIANE ist mehr als ein Armband, es ist ein Verm\u00e4chtnis der Sch\u00f6nheit, das man jeden Tag tragen kann.<\/p>","protected":false},"featured_media":1267,"comment_status":"open","ping_status":"closed","template":"","meta":[],"product_brand":[],"product_cat":[354,233,161,351],"product_tag":[251,209],"class_list":{"0":"post-1262","1":"product","2":"type-product","3":"status-publish","4":"has-post-thumbnail","6":"product_cat-354","7":"product_cat-bracelets","8":"product_cat-femme","9":"product_cat-soldes","10":"product_tag-gold-filled","11":"product_tag-perles-de-culture","13":"first","14":"instock","15":"shipping-taxable","16":"purchasable","17":"product-type-variable","18":"has-default-attributes"},"_links":{"self":[{"href":"https:\/\/solennbijoux.com\/de\/wp-json\/wp\/v2\/product\/1262","targetHints":{"allow":["GET"]}}],"collection":[{"href":"https:\/\/solennbijoux.com\/de\/wp-json\/wp\/v2\/product"}],"about":[{"href":"https:\/\/solennbijoux.com\/de\/wp-json\/wp\/v2\/types\/product"}],"replies":[{"embeddable":true,"href":"https:\/\/solennbijoux.com\/de\/wp-json\/wp\/v2\/comments?post=1262"}],"wp:featuredmedia":[{"embeddable":true,"href":"https:\/\/solennbijoux.com\/de\/wp-json\/wp\/v2\/media\/1267"}],"wp:attachment":[{"href":"https:\/\/solennbijoux.com\/de\/wp-json\/wp\/v2\/media?parent=1262"}],"wp:term":[{"taxonomy":"product_brand","embeddable":true,"href":"https:\/\/solennbijoux.com\/de\/wp-json\/wp\/v2\/product_brand?post=1262"},{"taxonomy":"product_cat","embeddable":true,"href":"https:\/\/solennbijoux.com\/de\/wp-json\/wp\/v2\/product_cat?post=1262"},{"taxonomy":"product_tag","embeddable":true,"href":"https:\/\/solennbijoux.com\/de\/wp-json\/wp\/v2\/product_tag?post=1262"}],"curies":[{"name":"wp","href":"https:\/\/api.w.org\/{rel}","templated":true}]}}