{"id":1297,"date":"2025-03-29T09:56:42","date_gmt":"2025-03-29T09:56:42","guid":{"rendered":"https:\/\/solennbijoux.com\/?post_type=product&#038;p=1297"},"modified":"2026-01-11T19:10:31","modified_gmt":"2026-01-11T18:10:31","slug":"bracelet-venice","status":"publish","type":"product","link":"https:\/\/solennbijoux.com\/de\/produkt\/bracelet-venice\/","title":{"rendered":"VENICE Armband"},"content":{"rendered":"","protected":false},"excerpt":{"rendered":"<p><strong>St\u00e4rke und Charakter<\/strong> VENICE Armband f\u00fcr M\u00e4nner: Das VENICE Armband f\u00fcr M\u00e4nner wurde f\u00fcr diejenigen entworfen, die Robustheit ebenso sch\u00e4tzen wie Subtilit\u00e4t. Dieses handgefertigte Schmuckst\u00fcck besteht aus 8 mm gro\u00dfen Perlen aus Natursteinen, die aufgrund ihrer intensiven Farbe und reichen Textur ausgew\u00e4hlt wurden. In der Mitte befindet sich eine Perle aus 925er Silber, die dem Schmuckst\u00fcck eine besondere Note verleiht und die Einzigartigkeit seines Tr\u00e4gers unterstreicht. Erh\u00e4ltlich in vier Variationen: Afrikanischer T\u00fcrkis, Lapis Lazuli, Labradorit und Baumachat.<\/p>","protected":false},"featured_media":1299,"comment_status":"open","ping_status":"closed","template":"","meta":[],"product_brand":[],"product_cat":[354,253,162,351],"product_tag":[304,254,290,157,194,200],"class_list":{"0":"post-1297","1":"product","2":"type-product","3":"status-publish","4":"has-post-thumbnail","6":"product_cat-354","7":"product_cat-bracelets-homme","8":"product_cat-homme","9":"product_cat-soldes","10":"product_tag-8mm","11":"product_tag-agate-arbre","12":"product_tag-argent-925","13":"product_tag-labradorite","14":"product_tag-lapis-lazuli","15":"product_tag-turquoise-africaine","17":"first","18":"instock","19":"shipping-taxable","20":"purchasable","21":"product-type-variable","22":"has-default-attributes"},"_links":{"self":[{"href":"https:\/\/solennbijoux.com\/de\/wp-json\/wp\/v2\/product\/1297","targetHints":{"allow":["GET"]}}],"collection":[{"href":"https:\/\/solennbijoux.com\/de\/wp-json\/wp\/v2\/product"}],"about":[{"href":"https:\/\/solennbijoux.com\/de\/wp-json\/wp\/v2\/types\/product"}],"replies":[{"embeddable":true,"href":"https:\/\/solennbijoux.com\/de\/wp-json\/wp\/v2\/comments?post=1297"}],"wp:featuredmedia":[{"embeddable":true,"href":"https:\/\/solennbijoux.com\/de\/wp-json\/wp\/v2\/media\/1299"}],"wp:attachment":[{"href":"https:\/\/solennbijoux.com\/de\/wp-json\/wp\/v2\/media?parent=1297"}],"wp:term":[{"taxonomy":"product_brand","embeddable":true,"href":"https:\/\/solennbijoux.com\/de\/wp-json\/wp\/v2\/product_brand?post=1297"},{"taxonomy":"product_cat","embeddable":true,"href":"https:\/\/solennbijoux.com\/de\/wp-json\/wp\/v2\/product_cat?post=1297"},{"taxonomy":"product_tag","embeddable":true,"href":"https:\/\/solennbijoux.com\/de\/wp-json\/wp\/v2\/product_tag?post=1297"}],"curies":[{"name":"wp","href":"https:\/\/api.w.org\/{rel}","templated":true}]}}