{"id":1344,"date":"2025-03-29T22:48:39","date_gmt":"2025-03-29T22:48:39","guid":{"rendered":"https:\/\/solennbijoux.com\/?post_type=product&#038;p=1344"},"modified":"2026-01-11T19:10:09","modified_gmt":"2026-01-11T18:10:09","slug":"bracelet-odysee","status":"publish","type":"product","link":"https:\/\/solennbijoux.com\/de\/produkt\/bracelet-odysee\/","title":{"rendered":"Armband ODYSSEE"},"content":{"rendered":"","protected":false},"excerpt":{"rendered":"<p>Das ODYSS\u00c9E Armband ist eine wahre Reise in die Welt der Edelsteine, in der jede Perle eine Geschichte \u00fcber Farbe und Textur erz\u00e4hlt. Das in Frankreich handgefertigte Armband kombiniert 4 mm gro\u00dfe Perlen mit einer zentralen 6 mm gro\u00dfen Perle, die von einzigartigen R\u00f6hrenperlen und goldenen H\u00e4matitscheiben eingerahmt werden. Mit einer Auswahl an Steinen, die vom Tigerauge bis zum afrikanischen T\u00fcrkis reicht, bietet jede Version dieses Armbands einen unverwechselbaren Ausdruck von Stil und nat\u00fcrlicher Eleganz.<\/p>","protected":false},"featured_media":1353,"comment_status":"open","ping_status":"closed","template":"","meta":[],"product_brand":[],"product_cat":[353,253,162,351],"product_tag":[302,265,267,268,196,269,264,158,266],"class_list":{"0":"post-1344","1":"product","2":"type-product","3":"status-publish","4":"has-post-thumbnail","6":"product_cat-353","7":"product_cat-bracelets-homme","8":"product_cat-homme","9":"product_cat-soldes","10":"product_tag-4mm","11":"product_tag-jaspe-brun","12":"product_tag-jaspe-dalmatien","13":"product_tag-jaspe-paysage","14":"product_tag-malachite","15":"product_tag-oeil-de-faucon","16":"product_tag-oeil-de-taureau","17":"product_tag-oeil-de-tigre","18":"product_tag-pierre-de-lave","20":"first","21":"instock","22":"shipping-taxable","23":"purchasable","24":"product-type-variable","25":"has-default-attributes"},"_links":{"self":[{"href":"https:\/\/solennbijoux.com\/de\/wp-json\/wp\/v2\/product\/1344","targetHints":{"allow":["GET"]}}],"collection":[{"href":"https:\/\/solennbijoux.com\/de\/wp-json\/wp\/v2\/product"}],"about":[{"href":"https:\/\/solennbijoux.com\/de\/wp-json\/wp\/v2\/types\/product"}],"replies":[{"embeddable":true,"href":"https:\/\/solennbijoux.com\/de\/wp-json\/wp\/v2\/comments?post=1344"}],"wp:featuredmedia":[{"embeddable":true,"href":"https:\/\/solennbijoux.com\/de\/wp-json\/wp\/v2\/media\/1353"}],"wp:attachment":[{"href":"https:\/\/solennbijoux.com\/de\/wp-json\/wp\/v2\/media?parent=1344"}],"wp:term":[{"taxonomy":"product_brand","embeddable":true,"href":"https:\/\/solennbijoux.com\/de\/wp-json\/wp\/v2\/product_brand?post=1344"},{"taxonomy":"product_cat","embeddable":true,"href":"https:\/\/solennbijoux.com\/de\/wp-json\/wp\/v2\/product_cat?post=1344"},{"taxonomy":"product_tag","embeddable":true,"href":"https:\/\/solennbijoux.com\/de\/wp-json\/wp\/v2\/product_tag?post=1344"}],"curies":[{"name":"wp","href":"https:\/\/api.w.org\/{rel}","templated":true}]}}