{"id":1404,"date":"2025-04-01T09:59:14","date_gmt":"2025-04-01T09:59:14","guid":{"rendered":"https:\/\/solennbijoux.com\/?post_type=product&#038;p=1404"},"modified":"2026-01-11T19:09:55","modified_gmt":"2026-01-11T18:09:55","slug":"bracelet-pure","status":"publish","type":"product","link":"https:\/\/solennbijoux.com\/de\/produkt\/bracelet-pure\/","title":{"rendered":"PURE Armband"},"content":{"rendered":"","protected":false},"excerpt":{"rendered":"<p>Das PURE Armband wird von Hand auf einem starken, elastischen Nylonfaden zusammengesetzt. Es ist in den Perlengr\u00f6\u00dfen 3 mm, 4 mm, 6 mm und 8 mm erh\u00e4ltlich und bietet die perfekte Anpassungsf\u00e4higkeit an Ihren aktiven Lebensstil. Jede Steinvariante, vom dunklen Onyx bis zum subtilen Glanz des Falkenauges, wurde aufgrund ihrer Qualit\u00e4t und Bedeutung ausgew\u00e4hlt. Dieses Armband verk\u00f6rpert m\u00fchelose maskuline Eleganz.<\/p>","protected":false},"featured_media":1413,"comment_status":"open","ping_status":"closed","template":"","meta":[],"product_brand":[],"product_cat":[354,253,162,320,351],"product_tag":[305,302,303,269,264,158,263,266,246],"class_list":{"0":"post-1404","1":"product","2":"type-product","3":"status-publish","4":"has-post-thumbnail","6":"product_cat-354","7":"product_cat-bracelets-homme","8":"product_cat-homme","9":"product_cat-nouvelle-collection","10":"product_cat-soldes","11":"product_tag-3mm","12":"product_tag-4mm","13":"product_tag-6mm","14":"product_tag-oeil-de-faucon","15":"product_tag-oeil-de-taureau","16":"product_tag-oeil-de-tigre","17":"product_tag-onyx","18":"product_tag-pierre-de-lave","19":"product_tag-pyrite","21":"first","22":"instock","23":"shipping-taxable","24":"purchasable","25":"product-type-variable","26":"has-default-attributes"},"_links":{"self":[{"href":"https:\/\/solennbijoux.com\/de\/wp-json\/wp\/v2\/product\/1404","targetHints":{"allow":["GET"]}}],"collection":[{"href":"https:\/\/solennbijoux.com\/de\/wp-json\/wp\/v2\/product"}],"about":[{"href":"https:\/\/solennbijoux.com\/de\/wp-json\/wp\/v2\/types\/product"}],"replies":[{"embeddable":true,"href":"https:\/\/solennbijoux.com\/de\/wp-json\/wp\/v2\/comments?post=1404"}],"wp:featuredmedia":[{"embeddable":true,"href":"https:\/\/solennbijoux.com\/de\/wp-json\/wp\/v2\/media\/1413"}],"wp:attachment":[{"href":"https:\/\/solennbijoux.com\/de\/wp-json\/wp\/v2\/media?parent=1404"}],"wp:term":[{"taxonomy":"product_brand","embeddable":true,"href":"https:\/\/solennbijoux.com\/de\/wp-json\/wp\/v2\/product_brand?post=1404"},{"taxonomy":"product_cat","embeddable":true,"href":"https:\/\/solennbijoux.com\/de\/wp-json\/wp\/v2\/product_cat?post=1404"},{"taxonomy":"product_tag","embeddable":true,"href":"https:\/\/solennbijoux.com\/de\/wp-json\/wp\/v2\/product_tag?post=1404"}],"curies":[{"name":"wp","href":"https:\/\/api.w.org\/{rel}","templated":true}]}}