{"id":1462,"date":"2025-04-01T20:05:36","date_gmt":"2025-04-01T20:05:36","guid":{"rendered":"https:\/\/solennbijoux.com\/?post_type=product&#038;p=1462"},"modified":"2026-01-11T19:09:25","modified_gmt":"2026-01-11T18:09:25","slug":"bracelet-herman","status":"publish","type":"product","link":"https:\/\/solennbijoux.com\/de\/produkt\/bracelet-herman\/","title":{"rendered":"HERMAN Armband"},"content":{"rendered":"","protected":false},"excerpt":{"rendered":"<p>Das HERMAN Armband verk\u00f6rpert Robustheit und nat\u00fcrliche Sch\u00f6nheit durch eine raffinierte Kombination aus Pyrit, indischem Achat und H\u00e4matit. Dieses in Frankreich handgefertigte Schmuckst\u00fcck mischt Texturen und Farbt\u00f6ne harmonisch miteinander, um ein elegantes und zugleich m\u00e4nnliches Ergebnis zu erzielen. Jedes Armband ist einzigartig. Die Perlen aus indischem Achat k\u00f6nnen viele verschiedene Farben haben, daher dient das Foto nur der Veranschaulichung. Dennoch wird jede Perle f\u00fcr die Zusammenstellung des Armbands sorgf\u00e4ltig ausgew\u00e4hlt, um den Geist des Fotos so gut wie m\u00f6glich zu respektieren.<\/p>","protected":false},"featured_media":1468,"comment_status":"open","ping_status":"closed","template":"","meta":[],"product_brand":[],"product_cat":[352,253,162,351],"product_tag":[302,283,198,246],"class_list":{"0":"post-1462","1":"product","2":"type-product","3":"status-publish","4":"has-post-thumbnail","6":"product_cat-352","7":"product_cat-bracelets-homme","8":"product_cat-homme","9":"product_cat-soldes","10":"product_tag-4mm","11":"product_tag-agate-indienne","12":"product_tag-hematite","13":"product_tag-pyrite","15":"first","16":"instock","17":"shipping-taxable","18":"purchasable","19":"product-type-variable"},"_links":{"self":[{"href":"https:\/\/solennbijoux.com\/de\/wp-json\/wp\/v2\/product\/1462","targetHints":{"allow":["GET"]}}],"collection":[{"href":"https:\/\/solennbijoux.com\/de\/wp-json\/wp\/v2\/product"}],"about":[{"href":"https:\/\/solennbijoux.com\/de\/wp-json\/wp\/v2\/types\/product"}],"replies":[{"embeddable":true,"href":"https:\/\/solennbijoux.com\/de\/wp-json\/wp\/v2\/comments?post=1462"}],"wp:featuredmedia":[{"embeddable":true,"href":"https:\/\/solennbijoux.com\/de\/wp-json\/wp\/v2\/media\/1468"}],"wp:attachment":[{"href":"https:\/\/solennbijoux.com\/de\/wp-json\/wp\/v2\/media?parent=1462"}],"wp:term":[{"taxonomy":"product_brand","embeddable":true,"href":"https:\/\/solennbijoux.com\/de\/wp-json\/wp\/v2\/product_brand?post=1462"},{"taxonomy":"product_cat","embeddable":true,"href":"https:\/\/solennbijoux.com\/de\/wp-json\/wp\/v2\/product_cat?post=1462"},{"taxonomy":"product_tag","embeddable":true,"href":"https:\/\/solennbijoux.com\/de\/wp-json\/wp\/v2\/product_tag?post=1462"}],"curies":[{"name":"wp","href":"https:\/\/api.w.org\/{rel}","templated":true}]}}