{"id":1472,"date":"2025-04-01T20:43:31","date_gmt":"2025-04-01T20:43:31","guid":{"rendered":"https:\/\/solennbijoux.com\/?post_type=product&#038;p=1472"},"modified":"2026-01-11T19:09:12","modified_gmt":"2026-01-11T18:09:12","slug":"bracelet-boa","status":"publish","type":"product","link":"https:\/\/solennbijoux.com\/de\/produkt\/bracelet-boa\/","title":{"rendered":"BOA-Armband"},"content":{"rendered":"","protected":false},"excerpt":{"rendered":"<p>Entdecken Sie das BOA-Armband, in dem einfache Formen auf die Leuchtkraft der Erdfarben treffen. Dieses in Frankreich handgefertigte Armband vereint die rustikale Eleganz der Heishi-Perlen mit dem metallischen Schimmer des goldenen H\u00e4matits. Jedes St\u00fcck ist ein Unikat, das sorgf\u00e4ltig geformt wurde, um au\u00dfergew\u00f6hnlichen Tragekomfort und Haltbarkeit zu bieten.<\/p>","protected":false},"featured_media":1486,"comment_status":"open","ping_status":"closed","template":"","meta":[],"product_brand":[],"product_cat":[352,253,162,351],"product_tag":[302,303,287,286,200],"class_list":{"0":"post-1472","1":"product","2":"type-product","3":"status-publish","4":"has-post-thumbnail","6":"product_cat-352","7":"product_cat-bracelets-homme","8":"product_cat-homme","9":"product_cat-soldes","10":"product_tag-4mm","11":"product_tag-6mm","12":"product_tag-jaspe-aqua-terra","13":"product_tag-jaspe-terracotta","14":"product_tag-turquoise-africaine","16":"first","17":"instock","18":"shipping-taxable","19":"purchasable","20":"product-type-variable","21":"has-default-attributes"},"_links":{"self":[{"href":"https:\/\/solennbijoux.com\/de\/wp-json\/wp\/v2\/product\/1472","targetHints":{"allow":["GET"]}}],"collection":[{"href":"https:\/\/solennbijoux.com\/de\/wp-json\/wp\/v2\/product"}],"about":[{"href":"https:\/\/solennbijoux.com\/de\/wp-json\/wp\/v2\/types\/product"}],"replies":[{"embeddable":true,"href":"https:\/\/solennbijoux.com\/de\/wp-json\/wp\/v2\/comments?post=1472"}],"wp:featuredmedia":[{"embeddable":true,"href":"https:\/\/solennbijoux.com\/de\/wp-json\/wp\/v2\/media\/1486"}],"wp:attachment":[{"href":"https:\/\/solennbijoux.com\/de\/wp-json\/wp\/v2\/media?parent=1472"}],"wp:term":[{"taxonomy":"product_brand","embeddable":true,"href":"https:\/\/solennbijoux.com\/de\/wp-json\/wp\/v2\/product_brand?post=1472"},{"taxonomy":"product_cat","embeddable":true,"href":"https:\/\/solennbijoux.com\/de\/wp-json\/wp\/v2\/product_cat?post=1472"},{"taxonomy":"product_tag","embeddable":true,"href":"https:\/\/solennbijoux.com\/de\/wp-json\/wp\/v2\/product_tag?post=1472"}],"curies":[{"name":"wp","href":"https:\/\/api.w.org\/{rel}","templated":true}]}}