{"id":3005,"date":"2025-05-20T22:58:47","date_gmt":"2025-05-20T20:58:47","guid":{"rendered":"https:\/\/solennbijoux.com\/?post_type=product&#038;p=3005"},"modified":"2026-01-11T19:08:43","modified_gmt":"2026-01-11T18:08:43","slug":"bracelet-collier-cathy","status":"publish","type":"product","link":"https:\/\/solennbijoux.com\/de\/produkt\/bracelet-collier-cathy\/","title":{"rendered":"CATHY Armband\/Halskette"},"content":{"rendered":"","protected":false},"excerpt":{"rendered":"<p>D\u00e9couvrez le bracelet\/collier CATHY, une cr\u00e9ation d\u00e9licate et polyvalente, fa\u00e7onn\u00e9e \u00e0 la main dans notre atelier. Ce bijou unique est compos\u00e9 de petites perles d&rsquo;h\u00e9matite dor\u00e9e, rondes et facett\u00e9es de 2mm, offrant un \u00e9clat subtil et une texture captivante. Son design ing\u00e9nieux lui permet d&rsquo;\u00eatre port\u00e9 indiff\u00e9remment comme un bracelet \u00e9l\u00e9gant au poignet ou comme un collier raffin\u00e9 d&rsquo;environ 45 cm, s&rsquo;adaptant ainsi \u00e0 toutes vos tenues et envies du moment.<\/p>","protected":false},"featured_media":3009,"comment_status":"open","ping_status":"closed","template":"","meta":[],"product_brand":[],"product_cat":[353,233,226,161,351],"product_tag":[251,198],"class_list":{"0":"post-3005","1":"product","2":"type-product","3":"status-publish","4":"has-post-thumbnail","6":"product_cat-353","7":"product_cat-bracelets","8":"product_cat-colliers","9":"product_cat-femme","10":"product_cat-soldes","11":"product_tag-gold-filled","12":"product_tag-hematite","14":"first","15":"instock","16":"shipping-taxable","17":"purchasable","18":"product-type-variable","19":"has-default-attributes"},"_links":{"self":[{"href":"https:\/\/solennbijoux.com\/de\/wp-json\/wp\/v2\/product\/3005","targetHints":{"allow":["GET"]}}],"collection":[{"href":"https:\/\/solennbijoux.com\/de\/wp-json\/wp\/v2\/product"}],"about":[{"href":"https:\/\/solennbijoux.com\/de\/wp-json\/wp\/v2\/types\/product"}],"replies":[{"embeddable":true,"href":"https:\/\/solennbijoux.com\/de\/wp-json\/wp\/v2\/comments?post=3005"}],"wp:featuredmedia":[{"embeddable":true,"href":"https:\/\/solennbijoux.com\/de\/wp-json\/wp\/v2\/media\/3009"}],"wp:attachment":[{"href":"https:\/\/solennbijoux.com\/de\/wp-json\/wp\/v2\/media?parent=3005"}],"wp:term":[{"taxonomy":"product_brand","embeddable":true,"href":"https:\/\/solennbijoux.com\/de\/wp-json\/wp\/v2\/product_brand?post=3005"},{"taxonomy":"product_cat","embeddable":true,"href":"https:\/\/solennbijoux.com\/de\/wp-json\/wp\/v2\/product_cat?post=3005"},{"taxonomy":"product_tag","embeddable":true,"href":"https:\/\/solennbijoux.com\/de\/wp-json\/wp\/v2\/product_tag?post=3005"}],"curies":[{"name":"wp","href":"https:\/\/api.w.org\/{rel}","templated":true}]}}