{"id":3366,"date":"2025-07-24T08:43:15","date_gmt":"2025-07-24T06:43:15","guid":{"rendered":"https:\/\/solennbijoux.com\/?post_type=product&#038;p=3366"},"modified":"2026-03-19T11:45:25","modified_gmt":"2026-03-19T10:45:25","slug":"bague-dolce","status":"publish","type":"product","link":"https:\/\/solennbijoux.com\/de\/produkt\/bague-dolce\/","title":{"rendered":"Ring DOLCE"},"content":{"rendered":"","protected":false},"excerpt":{"rendered":"<p>Lassen Sie sich von der unendlichen Sanftheit des DOLCE-Rings verzaubern. Wie ein gefl\u00fcstertes Versprechen zeigt diese minimalistische Kreation ein einzigartiges Herz aus Naturstein, das sanft auf einem funkelnden Ring aus 14k Gold-Filled-Perlen sitzt. Der DOLCE-Ring ist ein intimes und pers\u00f6nliches Schmuckst\u00fcck, ein Symbol f\u00fcr die Zuneigung, die wir einander entgegenbringen oder die wir uns gegenseitig entgegenbringen. Handgefertigt und nach Ma\u00df, ist er unauff\u00e4llig, aber unvergesslich und verleiht Ihrem Alltag einen Hauch von Farbe und Kostbarkeit. Sie ist das Signaturschmuckst\u00fcck f\u00fcr Liebhaberinnen subtiler Eleganz.<\/p>","protected":false},"featured_media":3381,"comment_status":"open","ping_status":"closed","template":"","meta":[],"product_brand":[],"product_cat":[354,169,161,320,351],"product_tag":[87,159,86,195,194,158,263,230],"class_list":{"0":"post-3366","1":"product","2":"type-product","3":"status-publish","4":"has-post-thumbnail","6":"product_cat-354","7":"product_cat-bagues","8":"product_cat-femme","9":"product_cat-nouvelle-collection","10":"product_cat-soldes","11":"product_tag-amazonite","12":"product_tag-amethyste","13":"product_tag-aventurine","14":"product_tag-jaspe-rouge","15":"product_tag-lapis-lazuli","16":"product_tag-oeil-de-tigre","17":"product_tag-onyx","18":"product_tag-rhodonite","20":"first","21":"instock","22":"shipping-taxable","23":"purchasable","24":"product-type-variable","25":"has-default-attributes"},"_links":{"self":[{"href":"https:\/\/solennbijoux.com\/de\/wp-json\/wp\/v2\/product\/3366","targetHints":{"allow":["GET"]}}],"collection":[{"href":"https:\/\/solennbijoux.com\/de\/wp-json\/wp\/v2\/product"}],"about":[{"href":"https:\/\/solennbijoux.com\/de\/wp-json\/wp\/v2\/types\/product"}],"replies":[{"embeddable":true,"href":"https:\/\/solennbijoux.com\/de\/wp-json\/wp\/v2\/comments?post=3366"}],"wp:featuredmedia":[{"embeddable":true,"href":"https:\/\/solennbijoux.com\/de\/wp-json\/wp\/v2\/media\/3381"}],"wp:attachment":[{"href":"https:\/\/solennbijoux.com\/de\/wp-json\/wp\/v2\/media?parent=3366"}],"wp:term":[{"taxonomy":"product_brand","embeddable":true,"href":"https:\/\/solennbijoux.com\/de\/wp-json\/wp\/v2\/product_brand?post=3366"},{"taxonomy":"product_cat","embeddable":true,"href":"https:\/\/solennbijoux.com\/de\/wp-json\/wp\/v2\/product_cat?post=3366"},{"taxonomy":"product_tag","embeddable":true,"href":"https:\/\/solennbijoux.com\/de\/wp-json\/wp\/v2\/product_tag?post=3366"}],"curies":[{"name":"wp","href":"https:\/\/api.w.org\/{rel}","templated":true}]}}