{"id":3459,"date":"2025-07-24T18:43:39","date_gmt":"2025-07-24T16:43:39","guid":{"rendered":"https:\/\/solennbijoux.com\/?post_type=product&#038;p=3459"},"modified":"2025-08-09T12:48:16","modified_gmt":"2025-08-09T10:48:16","slug":"boucles-doreilles-celeste","status":"publish","type":"product","link":"https:\/\/solennbijoux.com\/de\/produkt\/boucles-doreilles-celeste\/","title":{"rendered":"Ohrringe C\u00c9LESTE"},"content":{"rendered":"","protected":false},"excerpt":{"rendered":"<p>Tragen Sie mit den C\u00c9LESTE Ohrringen ein wahres Sternbild an Ihren Ohren. Wie ein Regen aus funkelnden Sternen ist dieses au\u00dfergew\u00f6hnliche Schmuckst\u00fcck eine Ode an das Licht und die weibliche Eleganz. Jede Bewegung des Kopfes erzeugt einen fesselnden Tanz aus Licht, dank der Kaskade aus facettierten Steinen, die alle Blicke auf sich ziehen. Perfekt, um ein Abendoutfit aufzuhellen, eine Braut zu veredeln oder einfach nur, um sich selbst einen magischen Glanz zu verleihen - die C\u00c9LESTE-Locken versprechen einen kostbaren Moment.<\/p>","protected":false},"featured_media":3765,"comment_status":"open","ping_status":"closed","template":"","meta":[],"product_brand":[],"product_cat":[84,161,320],"product_tag":[251,163],"class_list":{"0":"post-3459","1":"product","2":"type-product","3":"status-publish","4":"has-post-thumbnail","6":"product_cat-boucles-doreilles","7":"product_cat-femme","8":"product_cat-nouvelle-collection","9":"product_tag-gold-filled","10":"product_tag-oxyde-de-zirconium","12":"first","13":"instock","14":"shipping-taxable","15":"purchasable","16":"product-type-variable","17":"has-default-attributes"},"_links":{"self":[{"href":"https:\/\/solennbijoux.com\/de\/wp-json\/wp\/v2\/product\/3459","targetHints":{"allow":["GET"]}}],"collection":[{"href":"https:\/\/solennbijoux.com\/de\/wp-json\/wp\/v2\/product"}],"about":[{"href":"https:\/\/solennbijoux.com\/de\/wp-json\/wp\/v2\/types\/product"}],"replies":[{"embeddable":true,"href":"https:\/\/solennbijoux.com\/de\/wp-json\/wp\/v2\/comments?post=3459"}],"wp:featuredmedia":[{"embeddable":true,"href":"https:\/\/solennbijoux.com\/de\/wp-json\/wp\/v2\/media\/3765"}],"wp:attachment":[{"href":"https:\/\/solennbijoux.com\/de\/wp-json\/wp\/v2\/media?parent=3459"}],"wp:term":[{"taxonomy":"product_brand","embeddable":true,"href":"https:\/\/solennbijoux.com\/de\/wp-json\/wp\/v2\/product_brand?post=3459"},{"taxonomy":"product_cat","embeddable":true,"href":"https:\/\/solennbijoux.com\/de\/wp-json\/wp\/v2\/product_cat?post=3459"},{"taxonomy":"product_tag","embeddable":true,"href":"https:\/\/solennbijoux.com\/de\/wp-json\/wp\/v2\/product_tag?post=3459"}],"curies":[{"name":"wp","href":"https:\/\/api.w.org\/{rel}","templated":true}]}}