{"id":3464,"date":"2025-07-24T19:02:02","date_gmt":"2025-07-24T17:02:02","guid":{"rendered":"https:\/\/solennbijoux.com\/?post_type=product&#038;p=3464"},"modified":"2026-01-11T19:07:47","modified_gmt":"2026-01-11T18:07:47","slug":"boucles-doreilles-zephyr","status":"publish","type":"product","link":"https:\/\/solennbijoux.com\/de\/produkt\/boucles-doreilles-zephyr\/","title":{"rendered":"Ohrringe ZEPHYR"},"content":{"rendered":"","protected":false},"excerpt":{"rendered":"<p>Lassen Sie sich mit den Ohrringen ZEPHYR von einer sanften Brise tragen. Wie ein Liebesgefl\u00fcster in Ihrem Ohr ist dieses zarte Schmuckst\u00fcck ein kleiner Wasserfall aus zwei glitzernden Herzen. Unauff\u00e4llig in ihrer Gr\u00f6\u00dfe, aber strahlend in ihrem Glanz, fangen sie das Licht bei jeder Bewegung ein und sorgen f\u00fcr einen subtilen und raffinierten Glanz. Die ZEPHYR-Schnallen sind der perfekte Hauch von Poesie und Romantik, um Ihren Alltag mit Feingef\u00fchl zu erhellen.<\/p>","protected":false},"featured_media":3766,"comment_status":"open","ping_status":"closed","template":"","meta":[],"product_brand":[],"product_cat":[352,84,161,320,351],"product_tag":[251,163],"class_list":{"0":"post-3464","1":"product","2":"type-product","3":"status-publish","4":"has-post-thumbnail","6":"product_cat-352","7":"product_cat-boucles-doreilles","8":"product_cat-femme","9":"product_cat-nouvelle-collection","10":"product_cat-soldes","11":"product_tag-gold-filled","12":"product_tag-oxyde-de-zirconium","14":"first","15":"instock","16":"shipping-taxable","17":"purchasable","18":"product-type-variable","19":"has-default-attributes"},"_links":{"self":[{"href":"https:\/\/solennbijoux.com\/de\/wp-json\/wp\/v2\/product\/3464","targetHints":{"allow":["GET"]}}],"collection":[{"href":"https:\/\/solennbijoux.com\/de\/wp-json\/wp\/v2\/product"}],"about":[{"href":"https:\/\/solennbijoux.com\/de\/wp-json\/wp\/v2\/types\/product"}],"replies":[{"embeddable":true,"href":"https:\/\/solennbijoux.com\/de\/wp-json\/wp\/v2\/comments?post=3464"}],"wp:featuredmedia":[{"embeddable":true,"href":"https:\/\/solennbijoux.com\/de\/wp-json\/wp\/v2\/media\/3766"}],"wp:attachment":[{"href":"https:\/\/solennbijoux.com\/de\/wp-json\/wp\/v2\/media?parent=3464"}],"wp:term":[{"taxonomy":"product_brand","embeddable":true,"href":"https:\/\/solennbijoux.com\/de\/wp-json\/wp\/v2\/product_brand?post=3464"},{"taxonomy":"product_cat","embeddable":true,"href":"https:\/\/solennbijoux.com\/de\/wp-json\/wp\/v2\/product_cat?post=3464"},{"taxonomy":"product_tag","embeddable":true,"href":"https:\/\/solennbijoux.com\/de\/wp-json\/wp\/v2\/product_tag?post=3464"}],"curies":[{"name":"wp","href":"https:\/\/api.w.org\/{rel}","templated":true}]}}