{"id":3486,"date":"2025-07-25T08:05:02","date_gmt":"2025-07-25T06:05:02","guid":{"rendered":"https:\/\/solennbijoux.com\/?post_type=product&#038;p=3486"},"modified":"2026-01-11T19:07:07","modified_gmt":"2026-01-11T18:07:07","slug":"bracelet-hemera","status":"publish","type":"product","link":"https:\/\/solennbijoux.com\/de\/produkt\/bracelet-hemera\/","title":{"rendered":"Armband HEMERA"},"content":{"rendered":"","protected":false},"excerpt":{"rendered":"<p>Verl\u00e4ngern Sie den Zauber des ikonischen HEMERA-Rings mit dem passenden Armband. Entdecken Sie eine wahre Farandole der Z\u00e4rtlichkeit, die Ihr Handgelenk umschlingt. Das HEMERA Armband ist eine ununterbrochene Folge von Herzen aus Natursteinen, ein Band aus Sanftheit und Farbe, das vom sonnigen Glanz des 14k Gold-Filled bestimmt wird. Ob allein getragen f\u00fcr einen zarten Manschetteneffekt oder als Schmuckst\u00fcck mit dem Ring, es ist eine Feier der Liebe und der Weiblichkeit. Ein Schmuckst\u00fcck, das das Herz anspricht und das Handgelenk mit einer unendlichen Poesie schm\u00fcckt.<\/p>","protected":false},"featured_media":3497,"comment_status":"open","ping_status":"closed","template":"","meta":[],"product_brand":[],"product_cat":[353,233,161,320,351],"product_tag":[87,159,86,195,194,158,263,230],"class_list":{"0":"post-3486","1":"product","2":"type-product","3":"status-publish","4":"has-post-thumbnail","6":"product_cat-353","7":"product_cat-bracelets","8":"product_cat-femme","9":"product_cat-nouvelle-collection","10":"product_cat-soldes","11":"product_tag-amazonite","12":"product_tag-amethyste","13":"product_tag-aventurine","14":"product_tag-jaspe-rouge","15":"product_tag-lapis-lazuli","16":"product_tag-oeil-de-tigre","17":"product_tag-onyx","18":"product_tag-rhodonite","20":"first","21":"instock","22":"shipping-taxable","23":"purchasable","24":"product-type-variable","25":"has-default-attributes"},"_links":{"self":[{"href":"https:\/\/solennbijoux.com\/de\/wp-json\/wp\/v2\/product\/3486","targetHints":{"allow":["GET"]}}],"collection":[{"href":"https:\/\/solennbijoux.com\/de\/wp-json\/wp\/v2\/product"}],"about":[{"href":"https:\/\/solennbijoux.com\/de\/wp-json\/wp\/v2\/types\/product"}],"replies":[{"embeddable":true,"href":"https:\/\/solennbijoux.com\/de\/wp-json\/wp\/v2\/comments?post=3486"}],"wp:featuredmedia":[{"embeddable":true,"href":"https:\/\/solennbijoux.com\/de\/wp-json\/wp\/v2\/media\/3497"}],"wp:attachment":[{"href":"https:\/\/solennbijoux.com\/de\/wp-json\/wp\/v2\/media?parent=3486"}],"wp:term":[{"taxonomy":"product_brand","embeddable":true,"href":"https:\/\/solennbijoux.com\/de\/wp-json\/wp\/v2\/product_brand?post=3486"},{"taxonomy":"product_cat","embeddable":true,"href":"https:\/\/solennbijoux.com\/de\/wp-json\/wp\/v2\/product_cat?post=3486"},{"taxonomy":"product_tag","embeddable":true,"href":"https:\/\/solennbijoux.com\/de\/wp-json\/wp\/v2\/product_tag?post=3486"}],"curies":[{"name":"wp","href":"https:\/\/api.w.org\/{rel}","templated":true}]}}