{"id":3521,"date":"2025-07-25T14:27:49","date_gmt":"2025-07-25T12:27:49","guid":{"rendered":"https:\/\/solennbijoux.com\/?post_type=product&#038;p=3521"},"modified":"2026-01-11T19:06:51","modified_gmt":"2026-01-11T18:06:51","slug":"bracelet-alba","status":"publish","type":"product","link":"https:\/\/solennbijoux.com\/de\/produkt\/bracelet-alba\/","title":{"rendered":"ALBA-Armband"},"content":{"rendered":"","protected":false},"excerpt":{"rendered":"<p>Begr\u00fc\u00dfen Sie das sanfte Licht der Morgend\u00e4mmerung mit dem Armband ALBA. Wie eine Sammlung von Sch\u00e4tzen, die vom Meer geschliffen wurden, feiert dieses Schmuckst\u00fcck organische Sch\u00f6nheit und Einzigartigkeit. Jede Perlmuttperle mit ihrer unregelm\u00e4\u00dfigen Form und ihrem milchigen Schimmer ist ein einzigartiges St\u00fcck, das seine eigene Geschichte erz\u00e4hlt. Rhythmisiert durch den warmen Glanz von Gold Girl, ist das ALBA Armband eine sanfte Liebkosung f\u00fcr Ihr Handgelenk, eine Erinnerung an die einfache und reine Sch\u00f6nheit eines Sommermorgens. Ein authentisches Schmuckst\u00fcck f\u00fcr eine nat\u00fcrliche und strahlende Weiblichkeit.<\/p>","protected":false},"featured_media":3524,"comment_status":"open","ping_status":"closed","template":"","meta":[],"product_brand":[],"product_cat":[233,161,320],"product_tag":[251,164],"class_list":{"0":"post-3521","1":"product","2":"type-product","3":"status-publish","4":"has-post-thumbnail","6":"product_cat-bracelets","7":"product_cat-femme","8":"product_cat-nouvelle-collection","9":"product_tag-gold-filled","10":"product_tag-nacre","12":"first","13":"instock","14":"shipping-taxable","15":"purchasable","16":"product-type-variable","17":"has-default-attributes"},"_links":{"self":[{"href":"https:\/\/solennbijoux.com\/de\/wp-json\/wp\/v2\/product\/3521","targetHints":{"allow":["GET"]}}],"collection":[{"href":"https:\/\/solennbijoux.com\/de\/wp-json\/wp\/v2\/product"}],"about":[{"href":"https:\/\/solennbijoux.com\/de\/wp-json\/wp\/v2\/types\/product"}],"replies":[{"embeddable":true,"href":"https:\/\/solennbijoux.com\/de\/wp-json\/wp\/v2\/comments?post=3521"}],"wp:featuredmedia":[{"embeddable":true,"href":"https:\/\/solennbijoux.com\/de\/wp-json\/wp\/v2\/media\/3524"}],"wp:attachment":[{"href":"https:\/\/solennbijoux.com\/de\/wp-json\/wp\/v2\/media?parent=3521"}],"wp:term":[{"taxonomy":"product_brand","embeddable":true,"href":"https:\/\/solennbijoux.com\/de\/wp-json\/wp\/v2\/product_brand?post=3521"},{"taxonomy":"product_cat","embeddable":true,"href":"https:\/\/solennbijoux.com\/de\/wp-json\/wp\/v2\/product_cat?post=3521"},{"taxonomy":"product_tag","embeddable":true,"href":"https:\/\/solennbijoux.com\/de\/wp-json\/wp\/v2\/product_tag?post=3521"}],"curies":[{"name":"wp","href":"https:\/\/api.w.org\/{rel}","templated":true}]}}