{"id":3598,"date":"2025-07-26T14:22:52","date_gmt":"2025-07-26T12:22:52","guid":{"rendered":"https:\/\/solennbijoux.com\/?post_type=product&#038;p=3598"},"modified":"2025-09-02T23:14:33","modified_gmt":"2025-09-02T21:14:33","slug":"bracelet-sirocco","status":"publish","type":"product","link":"https:\/\/solennbijoux.com\/de\/produkt\/bracelet-sirocco\/","title":{"rendered":"SIROCCO Armband"},"content":{"rendered":"","protected":false},"excerpt":{"rendered":"<p>Der Charakter des SIROCCO-Armbands entsteht durch sein Design. Ein Wechselspiel aus nat\u00fcrlichen, kubischen und rechteckigen Steinen verleiht ihm ein einzigartiges Relief und eine einzigartige Textur am Handgelenk. Es ist ein Schmuckst\u00fcck, das f\u00fcr einen Mann gedacht ist, der die rohe Sch\u00f6nheit der Mineralien und die Einfachheit eines selbstbewussten Designs sch\u00e4tzt. Ein schlichtes, maskulines St\u00fcck, das sich wie selbstverst\u00e4ndlich tragen l\u00e4sst.<\/p>","protected":false},"featured_media":3606,"comment_status":"open","ping_status":"closed","template":"","meta":[],"product_brand":[],"product_cat":[253,162,320],"product_tag":[283,198,157,326],"class_list":{"0":"post-3598","1":"product","2":"type-product","3":"status-publish","4":"has-post-thumbnail","6":"product_cat-bracelets-homme","7":"product_cat-homme","8":"product_cat-nouvelle-collection","9":"product_tag-agate-indienne","10":"product_tag-hematite","11":"product_tag-labradorite","12":"product_tag-onyx-rouge","14":"first","15":"instock","16":"shipping-taxable","17":"purchasable","18":"product-type-variable","19":"has-default-attributes"},"_links":{"self":[{"href":"https:\/\/solennbijoux.com\/de\/wp-json\/wp\/v2\/product\/3598","targetHints":{"allow":["GET"]}}],"collection":[{"href":"https:\/\/solennbijoux.com\/de\/wp-json\/wp\/v2\/product"}],"about":[{"href":"https:\/\/solennbijoux.com\/de\/wp-json\/wp\/v2\/types\/product"}],"replies":[{"embeddable":true,"href":"https:\/\/solennbijoux.com\/de\/wp-json\/wp\/v2\/comments?post=3598"}],"wp:featuredmedia":[{"embeddable":true,"href":"https:\/\/solennbijoux.com\/de\/wp-json\/wp\/v2\/media\/3606"}],"wp:attachment":[{"href":"https:\/\/solennbijoux.com\/de\/wp-json\/wp\/v2\/media?parent=3598"}],"wp:term":[{"taxonomy":"product_brand","embeddable":true,"href":"https:\/\/solennbijoux.com\/de\/wp-json\/wp\/v2\/product_brand?post=3598"},{"taxonomy":"product_cat","embeddable":true,"href":"https:\/\/solennbijoux.com\/de\/wp-json\/wp\/v2\/product_cat?post=3598"},{"taxonomy":"product_tag","embeddable":true,"href":"https:\/\/solennbijoux.com\/de\/wp-json\/wp\/v2\/product_tag?post=3598"}],"curies":[{"name":"wp","href":"https:\/\/api.w.org\/{rel}","templated":true}]}}