{"id":3612,"date":"2025-07-26T16:30:43","date_gmt":"2025-07-26T14:30:43","guid":{"rendered":"https:\/\/solennbijoux.com\/?post_type=product&#038;p=3612"},"modified":"2026-01-11T19:05:57","modified_gmt":"2026-01-11T18:05:57","slug":"bracelet-naos","status":"publish","type":"product","link":"https:\/\/solennbijoux.com\/de\/produkt\/bracelet-naos\/","title":{"rendered":"N\u00c1OS-Armband"},"content":{"rendered":"","protected":false},"excerpt":{"rendered":"<p>Das N\u00c1OS-Armband ist eine Zusammenstellung aus nat\u00fcrlichen Materialien. Es vereint die Dichte des rechteckigen Steins, die W\u00e4rme des Holzes und den sanfteren Glanz der runden Perlen. Sein Design ist ein Spiel mit Texturen und Kontrasten, das ihm einen authentischen, reiselustigen Charakter verleiht. Es ist ein einfaches und selbstbewusstes St\u00fcck f\u00fcr einen Stil, der eine Geschichte zu erz\u00e4hlen hat.<\/p>","protected":false},"featured_media":3616,"comment_status":"open","ping_status":"closed","template":"","meta":[],"product_brand":[],"product_cat":[354,253,162,320,351],"product_tag":[334,333,158],"class_list":{"0":"post-3612","1":"product","2":"type-product","3":"status-publish","4":"has-post-thumbnail","6":"product_cat-354","7":"product_cat-bracelets-homme","8":"product_cat-homme","9":"product_cat-nouvelle-collection","10":"product_cat-soldes","11":"product_tag-jaspe-green-spot","12":"product_tag-jaspe-imperial","13":"product_tag-oeil-de-tigre","15":"first","16":"instock","17":"shipping-taxable","18":"purchasable","19":"product-type-variable","20":"has-default-attributes"},"_links":{"self":[{"href":"https:\/\/solennbijoux.com\/de\/wp-json\/wp\/v2\/product\/3612","targetHints":{"allow":["GET"]}}],"collection":[{"href":"https:\/\/solennbijoux.com\/de\/wp-json\/wp\/v2\/product"}],"about":[{"href":"https:\/\/solennbijoux.com\/de\/wp-json\/wp\/v2\/types\/product"}],"replies":[{"embeddable":true,"href":"https:\/\/solennbijoux.com\/de\/wp-json\/wp\/v2\/comments?post=3612"}],"wp:featuredmedia":[{"embeddable":true,"href":"https:\/\/solennbijoux.com\/de\/wp-json\/wp\/v2\/media\/3616"}],"wp:attachment":[{"href":"https:\/\/solennbijoux.com\/de\/wp-json\/wp\/v2\/media?parent=3612"}],"wp:term":[{"taxonomy":"product_brand","embeddable":true,"href":"https:\/\/solennbijoux.com\/de\/wp-json\/wp\/v2\/product_brand?post=3612"},{"taxonomy":"product_cat","embeddable":true,"href":"https:\/\/solennbijoux.com\/de\/wp-json\/wp\/v2\/product_cat?post=3612"},{"taxonomy":"product_tag","embeddable":true,"href":"https:\/\/solennbijoux.com\/de\/wp-json\/wp\/v2\/product_tag?post=3612"}],"curies":[{"name":"wp","href":"https:\/\/api.w.org\/{rel}","templated":true}]}}