{"id":3631,"date":"2025-07-26T17:52:52","date_gmt":"2025-07-26T15:52:52","guid":{"rendered":"https:\/\/solennbijoux.com\/?post_type=product&#038;p=3631"},"modified":"2025-09-02T23:14:33","modified_gmt":"2025-09-02T21:14:33","slug":"bracelet-taiko","status":"publish","type":"product","link":"https:\/\/solennbijoux.com\/de\/produkt\/bracelet-taiko\/","title":{"rendered":"TA\u00cfKO-Armband"},"content":{"rendered":"","protected":false},"excerpt":{"rendered":"<p>Das TA\u00cfKO-Armband ist auf einem bestimmten Rhythmus aufgebaut. Sein Muster wechselt zwischen rechteckigen Steinen und runden Perlen ab, wodurch eine visuelle Perkussion von Formen und Texturen entsteht. Es ist ein Schmuckst\u00fcck mit einem kraftvollen und kontrollierten Design, das vom Rhythmus der japanischen Trommeln inspiriert ist, nach denen es benannt wurde. Ein St\u00fcck mit Charakter f\u00fcr einen pers\u00f6nlichen und selbstbewussten Stil.<\/p>","protected":false},"featured_media":3635,"comment_status":"open","ping_status":"closed","template":"","meta":[],"product_brand":[],"product_cat":[253,162,320],"product_tag":[87,336],"class_list":{"0":"post-3631","1":"product","2":"type-product","3":"status-publish","4":"has-post-thumbnail","6":"product_cat-bracelets-homme","7":"product_cat-homme","8":"product_cat-nouvelle-collection","9":"product_tag-amazonite","10":"product_tag-jaspe-map","12":"first","13":"instock","14":"shipping-taxable","15":"purchasable","16":"product-type-variable","17":"has-default-attributes"},"_links":{"self":[{"href":"https:\/\/solennbijoux.com\/de\/wp-json\/wp\/v2\/product\/3631","targetHints":{"allow":["GET"]}}],"collection":[{"href":"https:\/\/solennbijoux.com\/de\/wp-json\/wp\/v2\/product"}],"about":[{"href":"https:\/\/solennbijoux.com\/de\/wp-json\/wp\/v2\/types\/product"}],"replies":[{"embeddable":true,"href":"https:\/\/solennbijoux.com\/de\/wp-json\/wp\/v2\/comments?post=3631"}],"wp:featuredmedia":[{"embeddable":true,"href":"https:\/\/solennbijoux.com\/de\/wp-json\/wp\/v2\/media\/3635"}],"wp:attachment":[{"href":"https:\/\/solennbijoux.com\/de\/wp-json\/wp\/v2\/media?parent=3631"}],"wp:term":[{"taxonomy":"product_brand","embeddable":true,"href":"https:\/\/solennbijoux.com\/de\/wp-json\/wp\/v2\/product_brand?post=3631"},{"taxonomy":"product_cat","embeddable":true,"href":"https:\/\/solennbijoux.com\/de\/wp-json\/wp\/v2\/product_cat?post=3631"},{"taxonomy":"product_tag","embeddable":true,"href":"https:\/\/solennbijoux.com\/de\/wp-json\/wp\/v2\/product_tag?post=3631"}],"curies":[{"name":"wp","href":"https:\/\/api.w.org\/{rel}","templated":true}]}}