{"id":3644,"date":"2025-07-26T18:10:51","date_gmt":"2025-07-26T16:10:51","guid":{"rendered":"https:\/\/solennbijoux.com\/?post_type=product&#038;p=3644"},"modified":"2026-01-11T19:05:42","modified_gmt":"2026-01-11T18:05:42","slug":"bracelet-paros","status":"publish","type":"product","link":"https:\/\/solennbijoux.com\/de\/produkt\/bracelet-paros\/","title":{"rendered":"PAR\u00d2S-Armband"},"content":{"rendered":"","protected":false},"excerpt":{"rendered":"<p>Das PAR\u00d2S-Armband f\u00e4ngt den Geist eines mediterranen Sommers ein. Sein Design ist eine Komposition aus Steinen, einer Palette von Farben und Texturen, die von den Landschaften der Kykladen inspiriert sind. Der Wechsel von W\u00fcrfeln und runden Perlen erzeugt einen reichen und zugleich entspannten Rhythmus. Es ist ein Schmuckst\u00fcck, das mit schlichtem Chic getragen werden kann, ein Essential f\u00fcr sonnige Tage f\u00fcr einen pers\u00f6nlichen und strahlenden Stil.<\/p>","protected":false},"featured_media":3648,"comment_status":"open","ping_status":"closed","template":"","meta":[],"product_brand":[],"product_cat":[354,253,162,320,351],"product_tag":[339,340],"class_list":{"0":"post-3644","1":"product","2":"type-product","3":"status-publish","4":"has-post-thumbnail","6":"product_cat-354","7":"product_cat-bracelets-homme","8":"product_cat-homme","9":"product_cat-nouvelle-collection","10":"product_cat-soldes","11":"product_tag-jaspe-bleue","12":"product_tag-jaspe-jaune","14":"first","15":"instock","16":"shipping-taxable","17":"purchasable","18":"product-type-variable","19":"has-default-attributes"},"_links":{"self":[{"href":"https:\/\/solennbijoux.com\/de\/wp-json\/wp\/v2\/product\/3644","targetHints":{"allow":["GET"]}}],"collection":[{"href":"https:\/\/solennbijoux.com\/de\/wp-json\/wp\/v2\/product"}],"about":[{"href":"https:\/\/solennbijoux.com\/de\/wp-json\/wp\/v2\/types\/product"}],"replies":[{"embeddable":true,"href":"https:\/\/solennbijoux.com\/de\/wp-json\/wp\/v2\/comments?post=3644"}],"wp:featuredmedia":[{"embeddable":true,"href":"https:\/\/solennbijoux.com\/de\/wp-json\/wp\/v2\/media\/3648"}],"wp:attachment":[{"href":"https:\/\/solennbijoux.com\/de\/wp-json\/wp\/v2\/media?parent=3644"}],"wp:term":[{"taxonomy":"product_brand","embeddable":true,"href":"https:\/\/solennbijoux.com\/de\/wp-json\/wp\/v2\/product_brand?post=3644"},{"taxonomy":"product_cat","embeddable":true,"href":"https:\/\/solennbijoux.com\/de\/wp-json\/wp\/v2\/product_cat?post=3644"},{"taxonomy":"product_tag","embeddable":true,"href":"https:\/\/solennbijoux.com\/de\/wp-json\/wp\/v2\/product_tag?post=3644"}],"curies":[{"name":"wp","href":"https:\/\/api.w.org\/{rel}","templated":true}]}}