{"id":3672,"date":"2025-07-26T19:35:02","date_gmt":"2025-07-26T17:35:02","guid":{"rendered":"https:\/\/solennbijoux.com\/?post_type=product&#038;p=3672"},"modified":"2026-01-11T19:05:15","modified_gmt":"2026-01-11T18:05:15","slug":"bracelet-yukon","status":"publish","type":"product","link":"https:\/\/solennbijoux.com\/de\/produkt\/bracelet-yukon\/","title":{"rendered":"YUKON Armband"},"content":{"rendered":"","protected":false},"excerpt":{"rendered":"<p>Das Armband YUKON ist ein Konzentrat aus mineralischer Kraft. Es ist von der gro\u00dfen Wildnis und dem Urinstinkt inspiriert. Sein Charakter entsteht durch die Verbindung von drei einzigartigen Steinen, deren wechselnde Reflexe das Licht und den Blick einfangen. Es ist ein rohes und essentielles Schmuckst\u00fcck, gedacht f\u00fcr den Mann, der sich auf seine Vision und seine innere St\u00e4rke verl\u00e4sst. Ein Meisterst\u00fcck, schlicht und kraftvoll.<\/p>","protected":false},"featured_media":3675,"comment_status":"open","ping_status":"closed","template":"","meta":[],"product_brand":[],"product_cat":[354,253,162,320,351],"product_tag":[269,264,158],"class_list":{"0":"post-3672","1":"product","2":"type-product","3":"status-publish","4":"has-post-thumbnail","6":"product_cat-354","7":"product_cat-bracelets-homme","8":"product_cat-homme","9":"product_cat-nouvelle-collection","10":"product_cat-soldes","11":"product_tag-oeil-de-faucon","12":"product_tag-oeil-de-taureau","13":"product_tag-oeil-de-tigre","15":"first","16":"instock","17":"shipping-taxable","18":"purchasable","19":"product-type-variable","20":"has-default-attributes"},"_links":{"self":[{"href":"https:\/\/solennbijoux.com\/de\/wp-json\/wp\/v2\/product\/3672","targetHints":{"allow":["GET"]}}],"collection":[{"href":"https:\/\/solennbijoux.com\/de\/wp-json\/wp\/v2\/product"}],"about":[{"href":"https:\/\/solennbijoux.com\/de\/wp-json\/wp\/v2\/types\/product"}],"replies":[{"embeddable":true,"href":"https:\/\/solennbijoux.com\/de\/wp-json\/wp\/v2\/comments?post=3672"}],"wp:featuredmedia":[{"embeddable":true,"href":"https:\/\/solennbijoux.com\/de\/wp-json\/wp\/v2\/media\/3675"}],"wp:attachment":[{"href":"https:\/\/solennbijoux.com\/de\/wp-json\/wp\/v2\/media?parent=3672"}],"wp:term":[{"taxonomy":"product_brand","embeddable":true,"href":"https:\/\/solennbijoux.com\/de\/wp-json\/wp\/v2\/product_brand?post=3672"},{"taxonomy":"product_cat","embeddable":true,"href":"https:\/\/solennbijoux.com\/de\/wp-json\/wp\/v2\/product_cat?post=3672"},{"taxonomy":"product_tag","embeddable":true,"href":"https:\/\/solennbijoux.com\/de\/wp-json\/wp\/v2\/product_tag?post=3672"}],"curies":[{"name":"wp","href":"https:\/\/api.w.org\/{rel}","templated":true}]}}