{"id":3680,"date":"2025-07-26T21:04:32","date_gmt":"2025-07-26T19:04:32","guid":{"rendered":"https:\/\/solennbijoux.com\/?post_type=product&#038;p=3680"},"modified":"2025-09-02T23:11:27","modified_gmt":"2025-09-02T21:11:27","slug":"bracelet-jack","status":"publish","type":"product","link":"https:\/\/solennbijoux.com\/de\/produkt\/bracelet-jack\/","title":{"rendered":"JACK Armband"},"content":{"rendered":"","protected":false},"excerpt":{"rendered":"<p>Das JACK Armband setzt auf einen legend\u00e4ren Stein: die Birma-Jade. Sein Design ist absolut schlicht, um der Sch\u00f6nheit und Tiefe dieses einzigartigen Minerals den n\u00f6tigen Raum zu geben. Die sanfte Farbe und die reine Textur der Jade machen sie zu einem beruhigenden Schmuckst\u00fcck, einem Symbol f\u00fcr Gelassenheit und ruhige St\u00e4rke. Es ist ein essentielles St\u00fcck, das f\u00fcr einen Mann gedacht ist, der den Wert von Authentizit\u00e4t und zeitlosem Stil erkennt.<\/p>","protected":false},"featured_media":3686,"comment_status":"open","ping_status":"closed","template":"","meta":[],"product_brand":[],"product_cat":[253,162,320],"product_tag":[345],"class_list":{"0":"post-3680","1":"product","2":"type-product","3":"status-publish","4":"has-post-thumbnail","6":"product_cat-bracelets-homme","7":"product_cat-homme","8":"product_cat-nouvelle-collection","9":"product_tag-jade-de-birmanie","11":"first","12":"instock","13":"shipping-taxable","14":"purchasable","15":"product-type-variable","16":"has-default-attributes"},"_links":{"self":[{"href":"https:\/\/solennbijoux.com\/de\/wp-json\/wp\/v2\/product\/3680","targetHints":{"allow":["GET"]}}],"collection":[{"href":"https:\/\/solennbijoux.com\/de\/wp-json\/wp\/v2\/product"}],"about":[{"href":"https:\/\/solennbijoux.com\/de\/wp-json\/wp\/v2\/types\/product"}],"replies":[{"embeddable":true,"href":"https:\/\/solennbijoux.com\/de\/wp-json\/wp\/v2\/comments?post=3680"}],"wp:featuredmedia":[{"embeddable":true,"href":"https:\/\/solennbijoux.com\/de\/wp-json\/wp\/v2\/media\/3686"}],"wp:attachment":[{"href":"https:\/\/solennbijoux.com\/de\/wp-json\/wp\/v2\/media?parent=3680"}],"wp:term":[{"taxonomy":"product_brand","embeddable":true,"href":"https:\/\/solennbijoux.com\/de\/wp-json\/wp\/v2\/product_brand?post=3680"},{"taxonomy":"product_cat","embeddable":true,"href":"https:\/\/solennbijoux.com\/de\/wp-json\/wp\/v2\/product_cat?post=3680"},{"taxonomy":"product_tag","embeddable":true,"href":"https:\/\/solennbijoux.com\/de\/wp-json\/wp\/v2\/product_tag?post=3680"}],"curies":[{"name":"wp","href":"https:\/\/api.w.org\/{rel}","templated":true}]}}