{"id":507,"date":"2025-03-19T18:35:08","date_gmt":"2025-03-19T18:35:08","guid":{"rendered":"https:\/\/solennbijoux.com\/?post_type=product&#038;p=507"},"modified":"2026-01-11T19:19:08","modified_gmt":"2026-01-11T18:19:08","slug":"boucles-doreilles-olsen","status":"publish","type":"product","link":"https:\/\/solennbijoux.com\/de\/produkt\/boucles-doreilles-olsen\/","title":{"rendered":"OLSEN Ohrringe"},"content":{"rendered":"","protected":false},"excerpt":{"rendered":"<p>Lassen Sie sich von der nat\u00fcrlichen Eleganz der OLSEN Ohrringe verf\u00fchren. Die Ohrringe sind handgefertigte franz\u00f6sische Kreationen, die die Sch\u00f6nheit feiner Steine mit der Feinheit von 14k Goldm\u00e4dchen verbinden. Jedes Paar wird sorgf\u00e4ltig von Hand gefertigt und bringt einzigartige Natursteine und moderne geometrische Formen zur Geltung. Diese Ohrringe, die in vier verschiedenen Edelsteinen erh\u00e4ltlich sind, passen zu jedem Anlass und verleihen Ihrem Look einen Hauch von Raffinesse und Geheimnis.<\/p>","protected":false},"featured_media":511,"comment_status":"open","ping_status":"closed","template":"","meta":[],"product_brand":[],"product_cat":[353,84,161,351],"product_tag":[159,86,251,157,158],"class_list":{"0":"post-507","1":"product","2":"type-product","3":"status-publish","4":"has-post-thumbnail","6":"product_cat-353","7":"product_cat-boucles-doreilles","8":"product_cat-femme","9":"product_cat-soldes","10":"product_tag-amethyste","11":"product_tag-aventurine","12":"product_tag-gold-filled","13":"product_tag-labradorite","14":"product_tag-oeil-de-tigre","16":"first","17":"instock","18":"shipping-taxable","19":"purchasable","20":"product-type-variable"},"_links":{"self":[{"href":"https:\/\/solennbijoux.com\/de\/wp-json\/wp\/v2\/product\/507","targetHints":{"allow":["GET"]}}],"collection":[{"href":"https:\/\/solennbijoux.com\/de\/wp-json\/wp\/v2\/product"}],"about":[{"href":"https:\/\/solennbijoux.com\/de\/wp-json\/wp\/v2\/types\/product"}],"replies":[{"embeddable":true,"href":"https:\/\/solennbijoux.com\/de\/wp-json\/wp\/v2\/comments?post=507"}],"wp:featuredmedia":[{"embeddable":true,"href":"https:\/\/solennbijoux.com\/de\/wp-json\/wp\/v2\/media\/511"}],"wp:attachment":[{"href":"https:\/\/solennbijoux.com\/de\/wp-json\/wp\/v2\/media?parent=507"}],"wp:term":[{"taxonomy":"product_brand","embeddable":true,"href":"https:\/\/solennbijoux.com\/de\/wp-json\/wp\/v2\/product_brand?post=507"},{"taxonomy":"product_cat","embeddable":true,"href":"https:\/\/solennbijoux.com\/de\/wp-json\/wp\/v2\/product_cat?post=507"},{"taxonomy":"product_tag","embeddable":true,"href":"https:\/\/solennbijoux.com\/de\/wp-json\/wp\/v2\/product_tag?post=507"}],"curies":[{"name":"wp","href":"https:\/\/api.w.org\/{rel}","templated":true}]}}