{"id":580,"date":"2025-03-20T15:11:08","date_gmt":"2025-03-20T15:11:08","guid":{"rendered":"https:\/\/solennbijoux.com\/?post_type=product&#038;p=580"},"modified":"2026-01-11T19:18:31","modified_gmt":"2026-01-11T18:18:31","slug":"boucles-doreilles-venus","status":"publish","type":"product","link":"https:\/\/solennbijoux.com\/de\/produkt\/boucles-doreilles-venus\/","title":{"rendered":"VENUS-Ohrringe"},"content":{"rendered":"","protected":false},"excerpt":{"rendered":"<p>Laissez-vous captiver par l&rsquo;aura solaire des boucles d&rsquo;oreilles VENUS, une cr\u00e9ation artisanale fran\u00e7aise o\u00f9 la pierre de lune peach, douce et lumineuse, s&rsquo;\u00e9panouit au c\u0153ur d&rsquo;une cr\u00e9ole ajour\u00e9e en gold filled 14k. Ces bijoux, fa\u00e7onn\u00e9s \u00e0 la main avec une attention particuli\u00e8re aux d\u00e9tails, c\u00e9l\u00e8brent la f\u00e9minit\u00e9 et l&rsquo;\u00e9l\u00e9gance naturelle. Chaque paire est une invitation \u00e0 illuminer votre style d&rsquo;une touche de po\u00e9sie et de raffinement, rappelant les rayons du soleil caressant la peau.<\/p>","protected":false},"featured_media":3768,"comment_status":"open","ping_status":"closed","template":"","meta":[],"product_brand":[],"product_cat":[353,84,161,351],"product_tag":[251,165],"class_list":{"0":"post-580","1":"product","2":"type-product","3":"status-publish","4":"has-post-thumbnail","6":"product_cat-353","7":"product_cat-boucles-doreilles","8":"product_cat-femme","9":"product_cat-soldes","10":"product_tag-gold-filled","11":"product_tag-pierre-de-lune","13":"first","14":"instock","15":"shipping-taxable","16":"purchasable","17":"product-type-variable","18":"has-default-attributes"},"_links":{"self":[{"href":"https:\/\/solennbijoux.com\/de\/wp-json\/wp\/v2\/product\/580","targetHints":{"allow":["GET"]}}],"collection":[{"href":"https:\/\/solennbijoux.com\/de\/wp-json\/wp\/v2\/product"}],"about":[{"href":"https:\/\/solennbijoux.com\/de\/wp-json\/wp\/v2\/types\/product"}],"replies":[{"embeddable":true,"href":"https:\/\/solennbijoux.com\/de\/wp-json\/wp\/v2\/comments?post=580"}],"wp:featuredmedia":[{"embeddable":true,"href":"https:\/\/solennbijoux.com\/de\/wp-json\/wp\/v2\/media\/3768"}],"wp:attachment":[{"href":"https:\/\/solennbijoux.com\/de\/wp-json\/wp\/v2\/media?parent=580"}],"wp:term":[{"taxonomy":"product_brand","embeddable":true,"href":"https:\/\/solennbijoux.com\/de\/wp-json\/wp\/v2\/product_brand?post=580"},{"taxonomy":"product_cat","embeddable":true,"href":"https:\/\/solennbijoux.com\/de\/wp-json\/wp\/v2\/product_cat?post=580"},{"taxonomy":"product_tag","embeddable":true,"href":"https:\/\/solennbijoux.com\/de\/wp-json\/wp\/v2\/product_tag?post=580"}],"curies":[{"name":"wp","href":"https:\/\/api.w.org\/{rel}","templated":true}]}}