{"id":592,"date":"2025-03-20T17:17:14","date_gmt":"2025-03-20T17:17:14","guid":{"rendered":"https:\/\/solennbijoux.com\/?post_type=product&#038;p=592"},"modified":"2026-01-11T19:17:56","modified_gmt":"2026-01-11T18:17:56","slug":"boucles-doreilles-syrah","status":"publish","type":"product","link":"https:\/\/solennbijoux.com\/de\/produkt\/boucles-doreilles-syrah\/","title":{"rendered":"Ohrringe SYRAH"},"content":{"rendered":"","protected":false},"excerpt":{"rendered":"<p>Laissez-vous s\u00e9duire par la d\u00e9licate harmonie des couleurs des boucles d&rsquo;oreilles SYRAH, une cr\u00e9ation artisanale fran\u00e7aise qui c\u00e9l\u00e8bre la lumi\u00e8re et la f\u00e9minit\u00e9. Ces boucles d&rsquo;oreilles pendantes, fa\u00e7onn\u00e9s \u00e0 la main avec une attention particuli\u00e8re aux d\u00e9tails, marient l&rsquo;\u00e9clat des oxydes de zirconium aux teintes pastel \u00e0 la noblesse du gold filled 14k. Chaque paire est une invitation \u00e0 illuminer votre style d&rsquo;une touche de gaiet\u00e9 et de sophistication, rappelant les douces nuances d&rsquo;un coucher de soleil.<\/p>","protected":false},"featured_media":598,"comment_status":"open","ping_status":"closed","template":"","meta":[],"product_brand":[],"product_cat":[353,84,161,351],"product_tag":[251,163],"class_list":{"0":"post-592","1":"product","2":"type-product","3":"status-publish","4":"has-post-thumbnail","6":"product_cat-353","7":"product_cat-boucles-doreilles","8":"product_cat-femme","9":"product_cat-soldes","10":"product_tag-gold-filled","11":"product_tag-oxyde-de-zirconium","13":"first","14":"instock","15":"shipping-taxable","16":"purchasable","17":"product-type-variable","18":"has-default-attributes"},"_links":{"self":[{"href":"https:\/\/solennbijoux.com\/de\/wp-json\/wp\/v2\/product\/592","targetHints":{"allow":["GET"]}}],"collection":[{"href":"https:\/\/solennbijoux.com\/de\/wp-json\/wp\/v2\/product"}],"about":[{"href":"https:\/\/solennbijoux.com\/de\/wp-json\/wp\/v2\/types\/product"}],"replies":[{"embeddable":true,"href":"https:\/\/solennbijoux.com\/de\/wp-json\/wp\/v2\/comments?post=592"}],"wp:featuredmedia":[{"embeddable":true,"href":"https:\/\/solennbijoux.com\/de\/wp-json\/wp\/v2\/media\/598"}],"wp:attachment":[{"href":"https:\/\/solennbijoux.com\/de\/wp-json\/wp\/v2\/media?parent=592"}],"wp:term":[{"taxonomy":"product_brand","embeddable":true,"href":"https:\/\/solennbijoux.com\/de\/wp-json\/wp\/v2\/product_brand?post=592"},{"taxonomy":"product_cat","embeddable":true,"href":"https:\/\/solennbijoux.com\/de\/wp-json\/wp\/v2\/product_cat?post=592"},{"taxonomy":"product_tag","embeddable":true,"href":"https:\/\/solennbijoux.com\/de\/wp-json\/wp\/v2\/product_tag?post=592"}],"curies":[{"name":"wp","href":"https:\/\/api.w.org\/{rel}","templated":true}]}}