{"id":627,"date":"2025-03-21T21:05:59","date_gmt":"2025-03-21T21:05:59","guid":{"rendered":"https:\/\/solennbijoux.com\/?post_type=product&#038;p=627"},"modified":"2025-09-02T22:45:38","modified_gmt":"2025-09-02T20:45:38","slug":"boucles-doreilles-esmee","status":"publish","type":"product","link":"https:\/\/solennbijoux.com\/de\/produkt\/boucles-doreilles-esmee\/","title":{"rendered":"ESM\u00c9E-Ohrringe"},"content":{"rendered":"","protected":false},"excerpt":{"rendered":"<p>Entdecken Sie die ESM\u00c9E-Ohrringe, eine handgefertigte franz\u00f6sische Kreation, die die nat\u00fcrliche Sch\u00f6nheit des bunten Perlmutts und den subtilen Glanz des 14k Goldm\u00e4dchens zelebriert. Diese h\u00e4ngenden Creolen, die mit viel Liebe zum Detail von Hand geformt wurden und in zwei Gr\u00f6\u00dfen (25 mm und 45 mm) erh\u00e4ltlich sind, verleihen Ihrem Stil einen Hauch von Bohemian Chic. Lassen Sie sich von ihrem einzigartigen Design und ihrem zeitlosen Charme verzaubern.<\/p>","protected":false},"featured_media":632,"comment_status":"open","ping_status":"closed","template":"","meta":[],"product_brand":[],"product_cat":[84,161],"product_tag":[251,164],"class_list":{"0":"post-627","1":"product","2":"type-product","3":"status-publish","4":"has-post-thumbnail","6":"product_cat-boucles-doreilles","7":"product_cat-femme","8":"product_tag-gold-filled","9":"product_tag-nacre","11":"first","12":"instock","13":"shipping-taxable","14":"purchasable","15":"product-type-variable","16":"has-default-attributes"},"_links":{"self":[{"href":"https:\/\/solennbijoux.com\/de\/wp-json\/wp\/v2\/product\/627","targetHints":{"allow":["GET"]}}],"collection":[{"href":"https:\/\/solennbijoux.com\/de\/wp-json\/wp\/v2\/product"}],"about":[{"href":"https:\/\/solennbijoux.com\/de\/wp-json\/wp\/v2\/types\/product"}],"replies":[{"embeddable":true,"href":"https:\/\/solennbijoux.com\/de\/wp-json\/wp\/v2\/comments?post=627"}],"wp:featuredmedia":[{"embeddable":true,"href":"https:\/\/solennbijoux.com\/de\/wp-json\/wp\/v2\/media\/632"}],"wp:attachment":[{"href":"https:\/\/solennbijoux.com\/de\/wp-json\/wp\/v2\/media?parent=627"}],"wp:term":[{"taxonomy":"product_brand","embeddable":true,"href":"https:\/\/solennbijoux.com\/de\/wp-json\/wp\/v2\/product_brand?post=627"},{"taxonomy":"product_cat","embeddable":true,"href":"https:\/\/solennbijoux.com\/de\/wp-json\/wp\/v2\/product_cat?post=627"},{"taxonomy":"product_tag","embeddable":true,"href":"https:\/\/solennbijoux.com\/de\/wp-json\/wp\/v2\/product_tag?post=627"}],"curies":[{"name":"wp","href":"https:\/\/api.w.org\/{rel}","templated":true}]}}