{"id":639,"date":"2025-03-22T20:35:05","date_gmt":"2025-03-22T20:35:05","guid":{"rendered":"https:\/\/solennbijoux.com\/?post_type=product&#038;p=639"},"modified":"2026-01-11T19:17:15","modified_gmt":"2026-01-11T18:17:15","slug":"boucles-doreilles-julia","status":"publish","type":"product","link":"https:\/\/solennbijoux.com\/de\/produkt\/boucles-doreilles-julia\/","title":{"rendered":"Ohrringe JULIA"},"content":{"rendered":"","protected":false},"excerpt":{"rendered":"<p>Entdecken Sie JULIA, handgefertigte Ohrringe, die die raue Sch\u00f6nheit von feinen Steinen und den warmen Glanz von 14k Goldm\u00e4dchen zelebrieren. Diese h\u00e4ngenden Schmuckst\u00fccke, die mit viel Liebe zum Detail geformt wurden, verleihen Ihrem Stil einen Hauch von nat\u00fcrlicher Raffinesse. <\/p>\n<p>Sie sind eine wahre Ode an Schlichtheit und Eleganz. Sie bestehen aus einem ovalen 10*8mm gro\u00dfen Sequin-Edelstein, der in Mondstein, Malachit, Aventurin, rotem Jaspis oder Lapislazuli erh\u00e4ltlich ist und durch eine Zwischenlage aus drei ineinander verschlungenen Ringen aus 14k Gold Girl hervorgehoben wird. Der Ohrstecker mit 3mm gro\u00dfer Kugel aus 14k Gold Girl sorgt f\u00fcr einen dezenten Lichtblick. Lassen Sie sich von ihrem einzigartigen Design und ihrem zeitlosen Charme verzaubern.<\/p>","protected":false},"featured_media":671,"comment_status":"open","ping_status":"closed","template":"","meta":[],"product_brand":[],"product_cat":[353,84,161,351],"product_tag":[86,251,195,194,196,165],"class_list":{"0":"post-639","1":"product","2":"type-product","3":"status-publish","4":"has-post-thumbnail","6":"product_cat-353","7":"product_cat-boucles-doreilles","8":"product_cat-femme","9":"product_cat-soldes","10":"product_tag-aventurine","11":"product_tag-gold-filled","12":"product_tag-jaspe-rouge","13":"product_tag-lapis-lazuli","14":"product_tag-malachite","15":"product_tag-pierre-de-lune","17":"first","18":"instock","19":"shipping-taxable","20":"purchasable","21":"product-type-variable","22":"has-default-attributes"},"_links":{"self":[{"href":"https:\/\/solennbijoux.com\/de\/wp-json\/wp\/v2\/product\/639","targetHints":{"allow":["GET"]}}],"collection":[{"href":"https:\/\/solennbijoux.com\/de\/wp-json\/wp\/v2\/product"}],"about":[{"href":"https:\/\/solennbijoux.com\/de\/wp-json\/wp\/v2\/types\/product"}],"replies":[{"embeddable":true,"href":"https:\/\/solennbijoux.com\/de\/wp-json\/wp\/v2\/comments?post=639"}],"wp:featuredmedia":[{"embeddable":true,"href":"https:\/\/solennbijoux.com\/de\/wp-json\/wp\/v2\/media\/671"}],"wp:attachment":[{"href":"https:\/\/solennbijoux.com\/de\/wp-json\/wp\/v2\/media?parent=639"}],"wp:term":[{"taxonomy":"product_brand","embeddable":true,"href":"https:\/\/solennbijoux.com\/de\/wp-json\/wp\/v2\/product_brand?post=639"},{"taxonomy":"product_cat","embeddable":true,"href":"https:\/\/solennbijoux.com\/de\/wp-json\/wp\/v2\/product_cat?post=639"},{"taxonomy":"product_tag","embeddable":true,"href":"https:\/\/solennbijoux.com\/de\/wp-json\/wp\/v2\/product_tag?post=639"}],"curies":[{"name":"wp","href":"https:\/\/api.w.org\/{rel}","templated":true}]}}