{"id":675,"date":"2025-03-22T21:17:24","date_gmt":"2025-03-22T21:17:24","guid":{"rendered":"https:\/\/solennbijoux.com\/?post_type=product&#038;p=675"},"modified":"2026-01-11T19:17:05","modified_gmt":"2026-01-11T18:17:05","slug":"boucles-doreilles-bianca","status":"publish","type":"product","link":"https:\/\/solennbijoux.com\/de\/produkt\/boucles-doreilles-bianca\/","title":{"rendered":"Ohrringe BIANCA"},"content":{"rendered":"","protected":false},"excerpt":{"rendered":"<p>Entdecken Sie die BIANCA Ohrringe, handgefertigte Schmuckst\u00fccke, die die Zartheit von Perlmutt und den subtilen Glanz von 14k Goldm\u00e4dchen zelebrieren. Diese h\u00e4ngenden Ohrringe, die mit viel Liebe zum Detail geformt wurden, verleihen Ihrem Stil einen floralen und leuchtenden Touch. <\/p>\n<p>Sie sind eine wahre Ode an die Natur und die Weiblichkeit. Sie bestehen aus einer ca. 45 mm gro\u00dfen, geschnitzten Perlmuttperle in Form einer Blume, die mit ihrem Perlmuttschimmer das Licht einf\u00e4ngt. Der zart gearbeitete Ohrhaken aus 14k Goldm\u00e4dchen verleiht dem Ganzen einen Hauch von Licht und Raffinesse. Lassen Sie sich von ihrem einzigartigen Design und ihrem zeitlosen Charme verzaubern.<\/p>","protected":false},"featured_media":3458,"comment_status":"open","ping_status":"closed","template":"","meta":[],"product_brand":[],"product_cat":[353,84,161,320,351],"product_tag":[251,164],"class_list":{"0":"post-675","1":"product","2":"type-product","3":"status-publish","4":"has-post-thumbnail","6":"product_cat-353","7":"product_cat-boucles-doreilles","8":"product_cat-femme","9":"product_cat-nouvelle-collection","10":"product_cat-soldes","11":"product_tag-gold-filled","12":"product_tag-nacre","14":"first","15":"instock","16":"featured","17":"shipping-taxable","18":"purchasable","19":"product-type-variable","20":"has-default-attributes"},"_links":{"self":[{"href":"https:\/\/solennbijoux.com\/de\/wp-json\/wp\/v2\/product\/675","targetHints":{"allow":["GET"]}}],"collection":[{"href":"https:\/\/solennbijoux.com\/de\/wp-json\/wp\/v2\/product"}],"about":[{"href":"https:\/\/solennbijoux.com\/de\/wp-json\/wp\/v2\/types\/product"}],"replies":[{"embeddable":true,"href":"https:\/\/solennbijoux.com\/de\/wp-json\/wp\/v2\/comments?post=675"}],"wp:featuredmedia":[{"embeddable":true,"href":"https:\/\/solennbijoux.com\/de\/wp-json\/wp\/v2\/media\/3458"}],"wp:attachment":[{"href":"https:\/\/solennbijoux.com\/de\/wp-json\/wp\/v2\/media?parent=675"}],"wp:term":[{"taxonomy":"product_brand","embeddable":true,"href":"https:\/\/solennbijoux.com\/de\/wp-json\/wp\/v2\/product_brand?post=675"},{"taxonomy":"product_cat","embeddable":true,"href":"https:\/\/solennbijoux.com\/de\/wp-json\/wp\/v2\/product_cat?post=675"},{"taxonomy":"product_tag","embeddable":true,"href":"https:\/\/solennbijoux.com\/de\/wp-json\/wp\/v2\/product_tag?post=675"}],"curies":[{"name":"wp","href":"https:\/\/api.w.org\/{rel}","templated":true}]}}