{"id":715,"date":"2025-03-23T12:01:25","date_gmt":"2025-03-23T12:01:25","guid":{"rendered":"https:\/\/solennbijoux.com\/?post_type=product&#038;p=715"},"modified":"2026-01-11T19:16:33","modified_gmt":"2026-01-11T18:16:33","slug":"boucles-doreilles-tirana","status":"publish","type":"product","link":"https:\/\/solennbijoux.com\/de\/produkt\/boucles-doreilles-tirana\/","title":{"rendered":"Ohrringe TIRANA"},"content":{"rendered":"","protected":false},"excerpt":{"rendered":"<p>Entdecken Sie die TIRANA-Ohrringe, handgefertigte Schmuckst\u00fccke, die geometrisches Design und leuchtende Farben zelebrieren. Diese h\u00e4ngenden Ohrringe sind in Orange, Wei\u00df oder Gr\u00fcn erh\u00e4ltlich und verleihen Ihrem Stil einen modernen und gewagten Touch. Lassen Sie sich von ihrem einzigartigen Design und ihrem zeitgen\u00f6ssischen Charme verzaubern.<\/p>","protected":false},"featured_media":721,"comment_status":"open","ping_status":"closed","template":"","meta":[],"product_brand":[],"product_cat":[353,84,161,351],"product_tag":[251,208],"class_list":{"0":"post-715","1":"product","2":"type-product","3":"status-publish","4":"has-post-thumbnail","6":"product_cat-353","7":"product_cat-boucles-doreilles","8":"product_cat-femme","9":"product_cat-soldes","10":"product_tag-gold-filled","11":"product_tag-pierre-synthetique","13":"first","14":"instock","15":"shipping-taxable","16":"purchasable","17":"product-type-variable","18":"has-default-attributes"},"_links":{"self":[{"href":"https:\/\/solennbijoux.com\/de\/wp-json\/wp\/v2\/product\/715","targetHints":{"allow":["GET"]}}],"collection":[{"href":"https:\/\/solennbijoux.com\/de\/wp-json\/wp\/v2\/product"}],"about":[{"href":"https:\/\/solennbijoux.com\/de\/wp-json\/wp\/v2\/types\/product"}],"replies":[{"embeddable":true,"href":"https:\/\/solennbijoux.com\/de\/wp-json\/wp\/v2\/comments?post=715"}],"wp:featuredmedia":[{"embeddable":true,"href":"https:\/\/solennbijoux.com\/de\/wp-json\/wp\/v2\/media\/721"}],"wp:attachment":[{"href":"https:\/\/solennbijoux.com\/de\/wp-json\/wp\/v2\/media?parent=715"}],"wp:term":[{"taxonomy":"product_brand","embeddable":true,"href":"https:\/\/solennbijoux.com\/de\/wp-json\/wp\/v2\/product_brand?post=715"},{"taxonomy":"product_cat","embeddable":true,"href":"https:\/\/solennbijoux.com\/de\/wp-json\/wp\/v2\/product_cat?post=715"},{"taxonomy":"product_tag","embeddable":true,"href":"https:\/\/solennbijoux.com\/de\/wp-json\/wp\/v2\/product_tag?post=715"}],"curies":[{"name":"wp","href":"https:\/\/api.w.org\/{rel}","templated":true}]}}