{"id":735,"date":"2025-03-23T12:21:36","date_gmt":"2025-03-23T12:21:36","guid":{"rendered":"https:\/\/solennbijoux.com\/?post_type=product&#038;p=735"},"modified":"2025-05-11T12:21:02","modified_gmt":"2025-05-11T12:21:02","slug":"boucles-doreilles-olympe","status":"publish","type":"product","link":"https:\/\/solennbijoux.com\/de\/produkt\/boucles-doreilles-olympe\/","title":{"rendered":"OLYMPE-Ohrringe"},"content":{"rendered":"","protected":false},"excerpt":{"rendered":"<p>Entdecken Sie die OLYMPE-Ohrringe, handgefertigte Schmuckst\u00fccke, die die Zartheit des Perlmutts und den Glanz des 14k Goldm\u00e4dchens zelebrieren. Diese h\u00e4ngenden Ohrringe mit durchbrochenen Blumenmotiven verleihen Ihrem Stil einen Hauch von Romantik und Raffinesse. Lassen Sie sich von ihrem einzigartigen Design und ihrem zeitlosen Charme verzaubern.<\/p>","protected":false},"featured_media":740,"comment_status":"open","ping_status":"closed","template":"","meta":[],"product_brand":[],"product_cat":[84,161],"product_tag":[251,164],"class_list":{"0":"post-735","1":"product","2":"type-product","3":"status-publish","4":"has-post-thumbnail","6":"product_cat-boucles-doreilles","7":"product_cat-femme","8":"product_tag-gold-filled","9":"product_tag-nacre","11":"first","12":"instock","13":"featured","14":"shipping-taxable","15":"purchasable","16":"product-type-variable","17":"has-default-attributes"},"_links":{"self":[{"href":"https:\/\/solennbijoux.com\/de\/wp-json\/wp\/v2\/product\/735","targetHints":{"allow":["GET"]}}],"collection":[{"href":"https:\/\/solennbijoux.com\/de\/wp-json\/wp\/v2\/product"}],"about":[{"href":"https:\/\/solennbijoux.com\/de\/wp-json\/wp\/v2\/types\/product"}],"replies":[{"embeddable":true,"href":"https:\/\/solennbijoux.com\/de\/wp-json\/wp\/v2\/comments?post=735"}],"wp:featuredmedia":[{"embeddable":true,"href":"https:\/\/solennbijoux.com\/de\/wp-json\/wp\/v2\/media\/740"}],"wp:attachment":[{"href":"https:\/\/solennbijoux.com\/de\/wp-json\/wp\/v2\/media?parent=735"}],"wp:term":[{"taxonomy":"product_brand","embeddable":true,"href":"https:\/\/solennbijoux.com\/de\/wp-json\/wp\/v2\/product_brand?post=735"},{"taxonomy":"product_cat","embeddable":true,"href":"https:\/\/solennbijoux.com\/de\/wp-json\/wp\/v2\/product_cat?post=735"},{"taxonomy":"product_tag","embeddable":true,"href":"https:\/\/solennbijoux.com\/de\/wp-json\/wp\/v2\/product_tag?post=735"}],"curies":[{"name":"wp","href":"https:\/\/api.w.org\/{rel}","templated":true}]}}