{"id":760,"date":"2025-03-23T13:04:50","date_gmt":"2025-03-23T13:04:50","guid":{"rendered":"https:\/\/solennbijoux.com\/?post_type=product&#038;p=760"},"modified":"2026-01-11T19:15:13","modified_gmt":"2026-01-11T18:15:13","slug":"boucles-doreilles-nyx","status":"publish","type":"product","link":"https:\/\/solennbijoux.com\/de\/produkt\/boucles-doreilles-nyx\/","title":{"rendered":"NYX-Ohrringe"},"content":{"rendered":"","protected":false},"excerpt":{"rendered":"<p>Entdecken Sie die NYX-Ohrringe, gewagte Creolen aus 14k Goldm\u00e4dchen, die Sie individuell gestalten k\u00f6nnen. Mit ihren austauschbaren Perlenringen geben Ihnen diese Schmuckst\u00fccke die M\u00f6glichkeit, Ihren einzigartigen Stil nach Lust und Laune auszudr\u00fccken. Lassen Sie sich von ihrem vielseitigen Design und ihrem farbenfrohen Glanz verzaubern.<\/p>","protected":false},"featured_media":774,"comment_status":"open","ping_status":"closed","template":"","meta":[],"product_brand":[],"product_cat":[353,84,161,351],"product_tag":[211,197,251,201,198,164,210],"class_list":{"0":"post-760","1":"product","2":"type-product","3":"status-publish","4":"has-post-thumbnail","6":"product_cat-353","7":"product_cat-boucles-doreilles","8":"product_cat-femme","9":"product_cat-soldes","10":"product_tag-agate-mousse","11":"product_tag-cyanite","12":"product_tag-gold-filled","13":"product_tag-grenat","14":"product_tag-hematite","15":"product_tag-nacre","16":"product_tag-opale-rose","18":"first","19":"instock","20":"shipping-taxable","21":"purchasable","22":"product-type-variable"},"_links":{"self":[{"href":"https:\/\/solennbijoux.com\/de\/wp-json\/wp\/v2\/product\/760","targetHints":{"allow":["GET"]}}],"collection":[{"href":"https:\/\/solennbijoux.com\/de\/wp-json\/wp\/v2\/product"}],"about":[{"href":"https:\/\/solennbijoux.com\/de\/wp-json\/wp\/v2\/types\/product"}],"replies":[{"embeddable":true,"href":"https:\/\/solennbijoux.com\/de\/wp-json\/wp\/v2\/comments?post=760"}],"wp:featuredmedia":[{"embeddable":true,"href":"https:\/\/solennbijoux.com\/de\/wp-json\/wp\/v2\/media\/774"}],"wp:attachment":[{"href":"https:\/\/solennbijoux.com\/de\/wp-json\/wp\/v2\/media?parent=760"}],"wp:term":[{"taxonomy":"product_brand","embeddable":true,"href":"https:\/\/solennbijoux.com\/de\/wp-json\/wp\/v2\/product_brand?post=760"},{"taxonomy":"product_cat","embeddable":true,"href":"https:\/\/solennbijoux.com\/de\/wp-json\/wp\/v2\/product_cat?post=760"},{"taxonomy":"product_tag","embeddable":true,"href":"https:\/\/solennbijoux.com\/de\/wp-json\/wp\/v2\/product_tag?post=760"}],"curies":[{"name":"wp","href":"https:\/\/api.w.org\/{rel}","templated":true}]}}