{"id":790,"date":"2025-03-23T15:40:51","date_gmt":"2025-03-23T15:40:51","guid":{"rendered":"https:\/\/solennbijoux.com\/?post_type=product&#038;p=790"},"modified":"2026-01-11T19:14:41","modified_gmt":"2026-01-11T18:14:41","slug":"bague-gemini","status":"publish","type":"product","link":"https:\/\/solennbijoux.com\/de\/produkt\/bague-gemini\/","title":{"rendered":"GEMINI-Ring"},"content":{"rendered":"","protected":false},"excerpt":{"rendered":"<p>Entdecken Sie die GEMINI-Ringe, handgefertigte Schmuckst\u00fccke, die die Sch\u00f6nheit von Natursteinen und den subtilen Glanz von 14k Goldm\u00e4dchen zelebrieren. Diese elastischen Ringe, die in sechs verschiedenen Edelsteinen erh\u00e4ltlich sind, passen sich jeder Fingergr\u00f6\u00dfe an und bieten optimalen Tragekomfort und zeitlose Eleganz. Lassen Sie sich von ihrem einzigartigen Design und ihrem nat\u00fcrlichen Charme verzaubern.<\/p>","protected":false},"featured_media":3787,"comment_status":"open","ping_status":"closed","template":"","meta":[],"product_brand":[],"product_cat":[354,169,161,351],"product_tag":[87,159,213,212,197,251,157],"class_list":{"0":"post-790","1":"product","2":"type-product","3":"status-publish","4":"has-post-thumbnail","6":"product_cat-354","7":"product_cat-bagues","8":"product_cat-femme","9":"product_cat-soldes","10":"product_tag-amazonite","11":"product_tag-amethyste","12":"product_tag-citrine","13":"product_tag-cristal-de-roche","14":"product_tag-cyanite","15":"product_tag-gold-filled","16":"product_tag-labradorite","18":"first","19":"instock","20":"shipping-taxable","21":"purchasable","22":"product-type-variable","23":"has-default-attributes"},"_links":{"self":[{"href":"https:\/\/solennbijoux.com\/de\/wp-json\/wp\/v2\/product\/790","targetHints":{"allow":["GET"]}}],"collection":[{"href":"https:\/\/solennbijoux.com\/de\/wp-json\/wp\/v2\/product"}],"about":[{"href":"https:\/\/solennbijoux.com\/de\/wp-json\/wp\/v2\/types\/product"}],"replies":[{"embeddable":true,"href":"https:\/\/solennbijoux.com\/de\/wp-json\/wp\/v2\/comments?post=790"}],"wp:featuredmedia":[{"embeddable":true,"href":"https:\/\/solennbijoux.com\/de\/wp-json\/wp\/v2\/media\/3787"}],"wp:attachment":[{"href":"https:\/\/solennbijoux.com\/de\/wp-json\/wp\/v2\/media?parent=790"}],"wp:term":[{"taxonomy":"product_brand","embeddable":true,"href":"https:\/\/solennbijoux.com\/de\/wp-json\/wp\/v2\/product_brand?post=790"},{"taxonomy":"product_cat","embeddable":true,"href":"https:\/\/solennbijoux.com\/de\/wp-json\/wp\/v2\/product_cat?post=790"},{"taxonomy":"product_tag","embeddable":true,"href":"https:\/\/solennbijoux.com\/de\/wp-json\/wp\/v2\/product_tag?post=790"}],"curies":[{"name":"wp","href":"https:\/\/api.w.org\/{rel}","templated":true}]}}