{"id":984,"date":"2025-03-24T19:47:24","date_gmt":"2025-03-24T19:47:24","guid":{"rendered":"https:\/\/solennbijoux.com\/?post_type=product&#038;p=984"},"modified":"2025-09-02T23:04:04","modified_gmt":"2025-09-02T21:04:04","slug":"collier-bora","status":"publish","type":"product","link":"https:\/\/solennbijoux.com\/de\/produkt\/collier-bora\/","title":{"rendered":"Halskette BORA"},"content":{"rendered":"","protected":false},"excerpt":{"rendered":"<p>Laissez-vous envo\u00fbter par le collier BORA, un bijou d&rsquo;exception r\u00e9alis\u00e9 \u00e0 la main en France. Ce collier est une v\u00e9ritable ode \u00e0 la beaut\u00e9 des pierres naturelles et \u00e0 l&rsquo;\u00e9clat chaleureux du gold filled 14k. Chaque perle est soigneusement s\u00e9lectionn\u00e9e et assembl\u00e9e pour cr\u00e9er une harmonie de couleurs et de textures. Les neuf breloques pendantes ajoutent une touche de mouvement et de lumi\u00e8re \u00e0 ce bijou unique.<\/p>","protected":false},"featured_media":995,"comment_status":"open","ping_status":"closed","template":"","meta":[],"product_brand":[],"product_cat":[226,161],"product_tag":[229,202,197,251,201,198,164,199],"class_list":{"0":"post-984","1":"product","2":"type-product","3":"status-publish","4":"has-post-thumbnail","6":"product_cat-colliers","7":"product_cat-femme","8":"product_tag-agate","9":"product_tag-aigue-marine","10":"product_tag-cyanite","11":"product_tag-gold-filled","12":"product_tag-grenat","13":"product_tag-hematite","14":"product_tag-nacre","15":"product_tag-opale","17":"first","18":"instock","19":"shipping-taxable","20":"purchasable","21":"product-type-variable","22":"has-default-attributes"},"_links":{"self":[{"href":"https:\/\/solennbijoux.com\/de\/wp-json\/wp\/v2\/product\/984","targetHints":{"allow":["GET"]}}],"collection":[{"href":"https:\/\/solennbijoux.com\/de\/wp-json\/wp\/v2\/product"}],"about":[{"href":"https:\/\/solennbijoux.com\/de\/wp-json\/wp\/v2\/types\/product"}],"replies":[{"embeddable":true,"href":"https:\/\/solennbijoux.com\/de\/wp-json\/wp\/v2\/comments?post=984"}],"wp:featuredmedia":[{"embeddable":true,"href":"https:\/\/solennbijoux.com\/de\/wp-json\/wp\/v2\/media\/995"}],"wp:attachment":[{"href":"https:\/\/solennbijoux.com\/de\/wp-json\/wp\/v2\/media?parent=984"}],"wp:term":[{"taxonomy":"product_brand","embeddable":true,"href":"https:\/\/solennbijoux.com\/de\/wp-json\/wp\/v2\/product_brand?post=984"},{"taxonomy":"product_cat","embeddable":true,"href":"https:\/\/solennbijoux.com\/de\/wp-json\/wp\/v2\/product_cat?post=984"},{"taxonomy":"product_tag","embeddable":true,"href":"https:\/\/solennbijoux.com\/de\/wp-json\/wp\/v2\/product_tag?post=984"}],"curies":[{"name":"wp","href":"https:\/\/api.w.org\/{rel}","templated":true}]}}