{"id":996,"date":"2025-03-24T20:17:04","date_gmt":"2025-03-24T20:17:04","guid":{"rendered":"https:\/\/solennbijoux.com\/?post_type=product&#038;p=996"},"modified":"2026-01-11T19:13:10","modified_gmt":"2026-01-11T18:13:10","slug":"collier-blerina","status":"publish","type":"product","link":"https:\/\/solennbijoux.com\/de\/produkt\/collier-blerina\/","title":{"rendered":"Halskette BLERINA"},"content":{"rendered":"","protected":false},"excerpt":{"rendered":"<p>Entdecken Sie die Halskette BLERINA, ein au\u00dfergew\u00f6hnliches Schmuckst\u00fcck, das in Frankreich handgefertigt wurde. Diese Halskette ist eine wahre Ode an die Sch\u00f6nheit von Natursteinen und den metallischen Glanz von goldfarbenem H\u00e4matit. Der tropfenf\u00f6rmige Anh\u00e4nger, der in Amazonit oder Rhodonit erh\u00e4ltlich ist, verleiht diesem einzigartigen Schmuckst\u00fcck einen Hauch von Farbe und Eleganz.\u00a0<\/p>","protected":false},"featured_media":1007,"comment_status":"open","ping_status":"closed","template":"","meta":[],"product_brand":[],"product_cat":[352,226,161,351],"product_tag":[87,230],"class_list":{"0":"post-996","1":"product","2":"type-product","3":"status-publish","4":"has-post-thumbnail","6":"product_cat-352","7":"product_cat-colliers","8":"product_cat-femme","9":"product_cat-soldes","10":"product_tag-amazonite","11":"product_tag-rhodonite","13":"first","14":"instock","15":"shipping-taxable","16":"purchasable","17":"product-type-variable","18":"has-default-attributes"},"_links":{"self":[{"href":"https:\/\/solennbijoux.com\/de\/wp-json\/wp\/v2\/product\/996","targetHints":{"allow":["GET"]}}],"collection":[{"href":"https:\/\/solennbijoux.com\/de\/wp-json\/wp\/v2\/product"}],"about":[{"href":"https:\/\/solennbijoux.com\/de\/wp-json\/wp\/v2\/types\/product"}],"replies":[{"embeddable":true,"href":"https:\/\/solennbijoux.com\/de\/wp-json\/wp\/v2\/comments?post=996"}],"wp:featuredmedia":[{"embeddable":true,"href":"https:\/\/solennbijoux.com\/de\/wp-json\/wp\/v2\/media\/1007"}],"wp:attachment":[{"href":"https:\/\/solennbijoux.com\/de\/wp-json\/wp\/v2\/media?parent=996"}],"wp:term":[{"taxonomy":"product_brand","embeddable":true,"href":"https:\/\/solennbijoux.com\/de\/wp-json\/wp\/v2\/product_brand?post=996"},{"taxonomy":"product_cat","embeddable":true,"href":"https:\/\/solennbijoux.com\/de\/wp-json\/wp\/v2\/product_cat?post=996"},{"taxonomy":"product_tag","embeddable":true,"href":"https:\/\/solennbijoux.com\/de\/wp-json\/wp\/v2\/product_tag?post=996"}],"curies":[{"name":"wp","href":"https:\/\/api.w.org\/{rel}","templated":true}]}}