{"id":1290,"date":"2025-03-28T22:42:04","date_gmt":"2025-03-28T22:42:04","guid":{"rendered":"https:\/\/solennbijoux.com\/?post_type=product&#038;p=1290"},"modified":"2025-09-02T23:02:13","modified_gmt":"2025-09-02T21:02:13","slug":"bracelet-zelie","status":"publish","type":"product","link":"https:\/\/solennbijoux.com\/en\/product\/bracelet-zelie\/","title":{"rendered":"ZELIE bracelet"},"content":{"rendered":"","protected":false},"excerpt":{"rendered":"<p>D\u00e9couvrez ZELIE, l&rsquo;essence m\u00eame de l&rsquo;\u00e9l\u00e9gance minimaliste. Plus qu&rsquo;un simple bijou, ZELIE est l&rsquo;incontournable de votre collection, le bracelet seconde peau qui ne vous quitte jamais. Port\u00e9 seul, il offre un \u00e9clat d&rsquo;or discret et raffin\u00e9. Accumul\u00e9 avec d&rsquo;autres bracelets, il devient la base parfaite pour cr\u00e9er des compositions uniques qui vous ressemblent. Disponible en trois tailles de perles pour varier les plaisirs, ZELIE c&rsquo;est la simplicit\u00e9 solaire \u00e0 l&rsquo;\u00e9tat pur, le d\u00e9but de toutes les histoires de bijoux.<\/p>","protected":false},"featured_media":3485,"comment_status":"open","ping_status":"closed","template":"","meta":[],"product_brand":[],"product_cat":[233,161,320],"product_tag":[251],"class_list":{"0":"post-1290","1":"product","2":"type-product","3":"status-publish","4":"has-post-thumbnail","6":"product_cat-bracelets","7":"product_cat-femme","8":"product_cat-nouvelle-collection","9":"product_tag-gold-filled","11":"first","12":"instock","13":"shipping-taxable","14":"purchasable","15":"product-type-variable","16":"has-default-attributes"},"_links":{"self":[{"href":"https:\/\/solennbijoux.com\/en\/wp-json\/wp\/v2\/product\/1290","targetHints":{"allow":["GET"]}}],"collection":[{"href":"https:\/\/solennbijoux.com\/en\/wp-json\/wp\/v2\/product"}],"about":[{"href":"https:\/\/solennbijoux.com\/en\/wp-json\/wp\/v2\/types\/product"}],"replies":[{"embeddable":true,"href":"https:\/\/solennbijoux.com\/en\/wp-json\/wp\/v2\/comments?post=1290"}],"wp:featuredmedia":[{"embeddable":true,"href":"https:\/\/solennbijoux.com\/en\/wp-json\/wp\/v2\/media\/3485"}],"wp:attachment":[{"href":"https:\/\/solennbijoux.com\/en\/wp-json\/wp\/v2\/media?parent=1290"}],"wp:term":[{"taxonomy":"product_brand","embeddable":true,"href":"https:\/\/solennbijoux.com\/en\/wp-json\/wp\/v2\/product_brand?post=1290"},{"taxonomy":"product_cat","embeddable":true,"href":"https:\/\/solennbijoux.com\/en\/wp-json\/wp\/v2\/product_cat?post=1290"},{"taxonomy":"product_tag","embeddable":true,"href":"https:\/\/solennbijoux.com\/en\/wp-json\/wp\/v2\/product_tag?post=1290"}],"curies":[{"name":"wp","href":"https:\/\/api.w.org\/{rel}","templated":true}]}}