{"id":3569,"date":"2025-07-25T19:38:01","date_gmt":"2025-07-25T17:38:01","guid":{"rendered":"https:\/\/solennbijoux.com\/?post_type=product&#038;p=3569"},"modified":"2025-09-02T23:14:33","modified_gmt":"2025-09-02T21:14:33","slug":"bracelet-basalt","status":"publish","type":"product","link":"https:\/\/solennbijoux.com\/en\/product\/bracelet-basalt\/","title":{"rendered":"BASALT bracelet"},"content":{"rendered":"","protected":false},"excerpt":{"rendered":"<p>Affirmez votre style avec le bracelet BASALT. Chaque bracelet est une pi\u00e8ce de caract\u00e8re, une signature \u00e0 votre poignet. La g\u00e9om\u00e9trie puissante des pierres cubiques, alli\u00e9e aux \u00e9clats m\u00e9talliques de l&rsquo;h\u00e9matite, cr\u00e9e un bijou \u00e0 la fois viril et raffin\u00e9. BASALT n&rsquo;est pas un simple accessoire, c&rsquo;est une affirmation. La v\u00f4tre.<\/p>","protected":false},"featured_media":3586,"comment_status":"open","ping_status":"closed","template":"","meta":[],"product_brand":[],"product_cat":[253,162,320],"product_tag":[283,87,328,329,330,327,269,326],"class_list":{"0":"post-3569","1":"product","2":"type-product","3":"status-publish","4":"has-post-thumbnail","6":"product_cat-bracelets-homme","7":"product_cat-homme","8":"product_cat-nouvelle-collection","9":"product_tag-agate-indienne","10":"product_tag-amazonite","11":"product_tag-aventurine-rose","12":"product_tag-jade-jaune","13":"product_tag-jaspe-blue-spot","14":"product_tag-jaspe-red-web","15":"product_tag-oeil-de-faucon","16":"product_tag-onyx-rouge","18":"first","19":"instock","20":"shipping-taxable","21":"purchasable","22":"product-type-variable","23":"has-default-attributes"},"_links":{"self":[{"href":"https:\/\/solennbijoux.com\/en\/wp-json\/wp\/v2\/product\/3569","targetHints":{"allow":["GET"]}}],"collection":[{"href":"https:\/\/solennbijoux.com\/en\/wp-json\/wp\/v2\/product"}],"about":[{"href":"https:\/\/solennbijoux.com\/en\/wp-json\/wp\/v2\/types\/product"}],"replies":[{"embeddable":true,"href":"https:\/\/solennbijoux.com\/en\/wp-json\/wp\/v2\/comments?post=3569"}],"wp:featuredmedia":[{"embeddable":true,"href":"https:\/\/solennbijoux.com\/en\/wp-json\/wp\/v2\/media\/3586"}],"wp:attachment":[{"href":"https:\/\/solennbijoux.com\/en\/wp-json\/wp\/v2\/media?parent=3569"}],"wp:term":[{"taxonomy":"product_brand","embeddable":true,"href":"https:\/\/solennbijoux.com\/en\/wp-json\/wp\/v2\/product_brand?post=3569"},{"taxonomy":"product_cat","embeddable":true,"href":"https:\/\/solennbijoux.com\/en\/wp-json\/wp\/v2\/product_cat?post=3569"},{"taxonomy":"product_tag","embeddable":true,"href":"https:\/\/solennbijoux.com\/en\/wp-json\/wp\/v2\/product_tag?post=3569"}],"curies":[{"name":"wp","href":"https:\/\/api.w.org\/{rel}","templated":true}]}}