{"id":954,"date":"2025-03-23T22:57:17","date_gmt":"2025-03-23T22:57:17","guid":{"rendered":"https:\/\/solennbijoux.com\/?post_type=product&#038;p=954"},"modified":"2026-02-11T17:06:04","modified_gmt":"2026-02-11T16:06:04","slug":"bague-oris","status":"publish","type":"product","link":"https:\/\/solennbijoux.com\/en\/product\/bague-oris\/","title":{"rendered":"ORIS ring"},"content":{"rendered":"","protected":false},"excerpt":{"rendered":"<p>D\u00e9couvrez la bague ORIS, un bijou fait main qui c\u00e9l\u00e8bre la beaut\u00e9 d\u00e9licate de la nacre blanche et l&rsquo;\u00e9clat subtil du gold filled 14k. Cette bague \u00e9lastique, orn\u00e9e d&rsquo;un c\u0153ur en nacre, s&rsquo;adapte \u00e0 toutes les tailles de doigt, offrant un confort optimal et une \u00e9l\u00e9gance intemporelle. Laissez-vous s\u00e9duire par son design unique et son charme naturel.<\/p>","protected":false},"featured_media":3803,"comment_status":"open","ping_status":"closed","template":"","meta":[],"product_brand":[],"product_cat":[354,169,161,351],"product_tag":[251,164],"class_list":{"0":"post-954","1":"product","2":"type-product","3":"status-publish","4":"has-post-thumbnail","6":"product_cat-354","7":"product_cat-bagues","8":"product_cat-femme","9":"product_cat-soldes","10":"product_tag-gold-filled","11":"product_tag-nacre","13":"first","14":"instock","15":"shipping-taxable","16":"purchasable","17":"product-type-variable","18":"has-default-attributes"},"_links":{"self":[{"href":"https:\/\/solennbijoux.com\/en\/wp-json\/wp\/v2\/product\/954","targetHints":{"allow":["GET"]}}],"collection":[{"href":"https:\/\/solennbijoux.com\/en\/wp-json\/wp\/v2\/product"}],"about":[{"href":"https:\/\/solennbijoux.com\/en\/wp-json\/wp\/v2\/types\/product"}],"replies":[{"embeddable":true,"href":"https:\/\/solennbijoux.com\/en\/wp-json\/wp\/v2\/comments?post=954"}],"wp:featuredmedia":[{"embeddable":true,"href":"https:\/\/solennbijoux.com\/en\/wp-json\/wp\/v2\/media\/3803"}],"wp:attachment":[{"href":"https:\/\/solennbijoux.com\/en\/wp-json\/wp\/v2\/media?parent=954"}],"wp:term":[{"taxonomy":"product_brand","embeddable":true,"href":"https:\/\/solennbijoux.com\/en\/wp-json\/wp\/v2\/product_brand?post=954"},{"taxonomy":"product_cat","embeddable":true,"href":"https:\/\/solennbijoux.com\/en\/wp-json\/wp\/v2\/product_cat?post=954"},{"taxonomy":"product_tag","embeddable":true,"href":"https:\/\/solennbijoux.com\/en\/wp-json\/wp\/v2\/product_tag?post=954"}],"curies":[{"name":"wp","href":"https:\/\/api.w.org\/{rel}","templated":true}]}}