{"id":1009,"date":"2025-03-24T22:01:17","date_gmt":"2025-03-24T22:01:17","guid":{"rendered":"https:\/\/solennbijoux.com\/?post_type=product&#038;p=1009"},"modified":"2025-09-02T23:04:54","modified_gmt":"2025-09-02T21:04:54","slug":"collier-loane","status":"publish","type":"product","link":"https:\/\/solennbijoux.com\/es\/producto\/collier-loane\/","title":{"rendered":"Collar LOANE"},"content":{"rendered":"","protected":false},"excerpt":{"rendered":"<p>Le collier LOANE est un bijou tout en finesse. Pens\u00e9 comme un trait de couleur et de lumi\u00e8re \u00e0 porter au plus pr\u00e8s du cou, son design est une simple cadence de mati\u00e8res. De minuscules cubes de pierre naturelle dialoguent avec l&rsquo;\u00e9clat de perles d&rsquo;or, cr\u00e9ant une pi\u00e8ce \u00e0 la fois pr\u00e9cieuse et discr\u00e8te. Le LOANE se porte comme une seconde peau, un essentiel du quotidien qui apporte une touche de raffinement \u00e0 n&rsquo;importe quelle tenue.<\/p>","protected":false},"featured_media":3691,"comment_status":"open","ping_status":"closed","template":"","meta":[],"product_brand":[],"product_cat":[226,161,320],"product_tag":[231,251,348,230],"class_list":{"0":"post-1009","1":"product","2":"type-product","3":"status-publish","4":"has-post-thumbnail","6":"product_cat-colliers","7":"product_cat-femme","8":"product_cat-nouvelle-collection","9":"product_tag-chrysoprase","10":"product_tag-gold-filled","11":"product_tag-pyrite-noir","12":"product_tag-rhodonite","14":"first","15":"instock","16":"shipping-taxable","17":"purchasable","18":"product-type-variable","19":"has-default-attributes"},"_links":{"self":[{"href":"https:\/\/solennbijoux.com\/es\/wp-json\/wp\/v2\/product\/1009","targetHints":{"allow":["GET"]}}],"collection":[{"href":"https:\/\/solennbijoux.com\/es\/wp-json\/wp\/v2\/product"}],"about":[{"href":"https:\/\/solennbijoux.com\/es\/wp-json\/wp\/v2\/types\/product"}],"replies":[{"embeddable":true,"href":"https:\/\/solennbijoux.com\/es\/wp-json\/wp\/v2\/comments?post=1009"}],"wp:featuredmedia":[{"embeddable":true,"href":"https:\/\/solennbijoux.com\/es\/wp-json\/wp\/v2\/media\/3691"}],"wp:attachment":[{"href":"https:\/\/solennbijoux.com\/es\/wp-json\/wp\/v2\/media?parent=1009"}],"wp:term":[{"taxonomy":"product_brand","embeddable":true,"href":"https:\/\/solennbijoux.com\/es\/wp-json\/wp\/v2\/product_brand?post=1009"},{"taxonomy":"product_cat","embeddable":true,"href":"https:\/\/solennbijoux.com\/es\/wp-json\/wp\/v2\/product_cat?post=1009"},{"taxonomy":"product_tag","embeddable":true,"href":"https:\/\/solennbijoux.com\/es\/wp-json\/wp\/v2\/product_tag?post=1009"}],"curies":[{"name":"wp","href":"https:\/\/api.w.org\/{rel}","templated":true}]}}