{"id":1062,"date":"2025-03-26T00:46:50","date_gmt":"2025-03-26T00:46:50","guid":{"rendered":"https:\/\/solennbijoux.com\/?post_type=product&#038;p=1062"},"modified":"2026-01-11T19:12:32","modified_gmt":"2026-01-11T18:12:32","slug":"collier-yse","status":"publish","type":"product","link":"https:\/\/solennbijoux.com\/es\/producto\/collier-yse\/","title":{"rendered":"Collar YS\u00c9"},"content":{"rendered":"","protected":false},"excerpt":{"rendered":"<p>Descubra el collar YS\u00c9, una joya excepcional fabricada artesanalmente en Francia. Este collar es una aut\u00e9ntica oda a la pureza y a la luz, con su colgante de \u00f3xido de circonio transparente engastado en oro de 14 quilates. La delicada y luminosa cadena forzada de oro de 14 quilates a\u00f1ade un toque de refinamiento a esta joya intemporal.<\/p>","protected":false},"featured_media":1065,"comment_status":"open","ping_status":"closed","template":"","meta":[],"product_brand":[],"product_cat":[354,226,161,351],"product_tag":[251,163],"class_list":{"0":"post-1062","1":"product","2":"type-product","3":"status-publish","4":"has-post-thumbnail","6":"product_cat-354","7":"product_cat-colliers","8":"product_cat-femme","9":"product_cat-soldes","10":"product_tag-gold-filled","11":"product_tag-oxyde-de-zirconium","13":"first","14":"instock","15":"shipping-taxable","16":"purchasable","17":"product-type-variable","18":"has-default-attributes"},"_links":{"self":[{"href":"https:\/\/solennbijoux.com\/es\/wp-json\/wp\/v2\/product\/1062","targetHints":{"allow":["GET"]}}],"collection":[{"href":"https:\/\/solennbijoux.com\/es\/wp-json\/wp\/v2\/product"}],"about":[{"href":"https:\/\/solennbijoux.com\/es\/wp-json\/wp\/v2\/types\/product"}],"replies":[{"embeddable":true,"href":"https:\/\/solennbijoux.com\/es\/wp-json\/wp\/v2\/comments?post=1062"}],"wp:featuredmedia":[{"embeddable":true,"href":"https:\/\/solennbijoux.com\/es\/wp-json\/wp\/v2\/media\/1065"}],"wp:attachment":[{"href":"https:\/\/solennbijoux.com\/es\/wp-json\/wp\/v2\/media?parent=1062"}],"wp:term":[{"taxonomy":"product_brand","embeddable":true,"href":"https:\/\/solennbijoux.com\/es\/wp-json\/wp\/v2\/product_brand?post=1062"},{"taxonomy":"product_cat","embeddable":true,"href":"https:\/\/solennbijoux.com\/es\/wp-json\/wp\/v2\/product_cat?post=1062"},{"taxonomy":"product_tag","embeddable":true,"href":"https:\/\/solennbijoux.com\/es\/wp-json\/wp\/v2\/product_tag?post=1062"}],"curies":[{"name":"wp","href":"https:\/\/api.w.org\/{rel}","templated":true}]}}