{"id":1159,"date":"2025-03-27T22:05:25","date_gmt":"2025-03-27T22:05:25","guid":{"rendered":"https:\/\/solennbijoux.com\/?post_type=product&#038;p=1159"},"modified":"2025-09-02T22:57:17","modified_gmt":"2025-09-02T20:57:17","slug":"bracelet-bovila","status":"publish","type":"product","link":"https:\/\/solennbijoux.com\/es\/producto\/bracelet-bovila\/","title":{"rendered":"Pulsera BOVILA"},"content":{"rendered":"","protected":false},"excerpt":{"rendered":"<p>D\u00e9couvrez le bracelet BOVILA, une cr\u00e9ation unique qui capture l&rsquo;essence de la nature et de la lumi\u00e8re. R\u00e9alis\u00e9 \u00e0 la main en France, ce bijou associe la beaut\u00e9 des pierres naturelles ovales \u00e0 la chaleur du gold filled 14k, pour un r\u00e9sultat \u00e0 la fois raffin\u00e9 et authentique.<\/p>","protected":false},"featured_media":1167,"comment_status":"open","ping_status":"closed","template":"","meta":[],"product_brand":[],"product_cat":[233,161],"product_tag":[87,86,242,251,164,224,225],"class_list":{"0":"post-1159","1":"product","2":"type-product","3":"status-publish","4":"has-post-thumbnail","6":"product_cat-bracelets","7":"product_cat-femme","8":"product_tag-amazonite","9":"product_tag-aventurine","10":"product_tag-calcedoine","11":"product_tag-gold-filled","12":"product_tag-nacre","13":"product_tag-pierre-de-soleil","14":"product_tag-quartz-fume","16":"first","17":"instock","18":"shipping-taxable","19":"purchasable","20":"product-type-variable","21":"has-default-attributes"},"_links":{"self":[{"href":"https:\/\/solennbijoux.com\/es\/wp-json\/wp\/v2\/product\/1159","targetHints":{"allow":["GET"]}}],"collection":[{"href":"https:\/\/solennbijoux.com\/es\/wp-json\/wp\/v2\/product"}],"about":[{"href":"https:\/\/solennbijoux.com\/es\/wp-json\/wp\/v2\/types\/product"}],"replies":[{"embeddable":true,"href":"https:\/\/solennbijoux.com\/es\/wp-json\/wp\/v2\/comments?post=1159"}],"wp:featuredmedia":[{"embeddable":true,"href":"https:\/\/solennbijoux.com\/es\/wp-json\/wp\/v2\/media\/1167"}],"wp:attachment":[{"href":"https:\/\/solennbijoux.com\/es\/wp-json\/wp\/v2\/media?parent=1159"}],"wp:term":[{"taxonomy":"product_brand","embeddable":true,"href":"https:\/\/solennbijoux.com\/es\/wp-json\/wp\/v2\/product_brand?post=1159"},{"taxonomy":"product_cat","embeddable":true,"href":"https:\/\/solennbijoux.com\/es\/wp-json\/wp\/v2\/product_cat?post=1159"},{"taxonomy":"product_tag","embeddable":true,"href":"https:\/\/solennbijoux.com\/es\/wp-json\/wp\/v2\/product_tag?post=1159"}],"curies":[{"name":"wp","href":"https:\/\/api.w.org\/{rel}","templated":true}]}}