{"id":1186,"date":"2025-03-28T08:48:14","date_gmt":"2025-03-28T08:48:14","guid":{"rendered":"https:\/\/solennbijoux.com\/?post_type=product&#038;p=1186"},"modified":"2026-01-11T19:11:23","modified_gmt":"2026-01-11T18:11:23","slug":"bracelet-solea","status":"publish","type":"product","link":"https:\/\/solennbijoux.com\/es\/producto\/bracelet-solea\/","title":{"rendered":"Pulsera SOLEA"},"content":{"rendered":"","protected":false},"excerpt":{"rendered":"<p>Le bracelet SOLEA est une cr\u00e9ation unique, con\u00e7ue pour celles qui appr\u00e9cient les bijoux originaux et raffin\u00e9s. Il est compos\u00e9 de perles Gold Filled 14 carats, de perles d&rsquo;h\u00e9matite dor\u00e9e en forme de noix et d&rsquo;une pierre naturelle centrale ovale. Chaque bracelet est r\u00e9alis\u00e9 sur mesure pour un ajustement parfait.<\/p>","protected":false},"featured_media":3689,"comment_status":"open","ping_status":"closed","template":"","meta":[],"product_brand":[],"product_cat":[353,233,161,320,351],"product_tag":[159,86,197,251,195,157,346,217,204],"class_list":{"0":"post-1186","1":"product","2":"type-product","3":"status-publish","4":"has-post-thumbnail","6":"product_cat-353","7":"product_cat-bracelets","8":"product_cat-femme","9":"product_cat-nouvelle-collection","10":"product_cat-soldes","11":"product_tag-amethyste","12":"product_tag-aventurine","13":"product_tag-cyanite","14":"product_tag-gold-filled","15":"product_tag-jaspe-rouge","16":"product_tag-labradorite","17":"product_tag-nacre-blanche","18":"product_tag-prehnite","19":"product_tag-quartz-rose","21":"first","22":"instock","23":"featured","24":"shipping-taxable","25":"purchasable","26":"product-type-variable","27":"has-default-attributes"},"_links":{"self":[{"href":"https:\/\/solennbijoux.com\/es\/wp-json\/wp\/v2\/product\/1186","targetHints":{"allow":["GET"]}}],"collection":[{"href":"https:\/\/solennbijoux.com\/es\/wp-json\/wp\/v2\/product"}],"about":[{"href":"https:\/\/solennbijoux.com\/es\/wp-json\/wp\/v2\/types\/product"}],"replies":[{"embeddable":true,"href":"https:\/\/solennbijoux.com\/es\/wp-json\/wp\/v2\/comments?post=1186"}],"wp:featuredmedia":[{"embeddable":true,"href":"https:\/\/solennbijoux.com\/es\/wp-json\/wp\/v2\/media\/3689"}],"wp:attachment":[{"href":"https:\/\/solennbijoux.com\/es\/wp-json\/wp\/v2\/media?parent=1186"}],"wp:term":[{"taxonomy":"product_brand","embeddable":true,"href":"https:\/\/solennbijoux.com\/es\/wp-json\/wp\/v2\/product_brand?post=1186"},{"taxonomy":"product_cat","embeddable":true,"href":"https:\/\/solennbijoux.com\/es\/wp-json\/wp\/v2\/product_cat?post=1186"},{"taxonomy":"product_tag","embeddable":true,"href":"https:\/\/solennbijoux.com\/es\/wp-json\/wp\/v2\/product_tag?post=1186"}],"curies":[{"name":"wp","href":"https:\/\/api.w.org\/{rel}","templated":true}]}}