{"id":1262,"date":"2025-03-28T21:35:52","date_gmt":"2025-03-28T21:35:52","guid":{"rendered":"https:\/\/solennbijoux.com\/?post_type=product&#038;p=1262"},"modified":"2026-01-11T19:10:52","modified_gmt":"2026-01-11T18:10:52","slug":"bracelet-diane","status":"publish","type":"product","link":"https:\/\/solennbijoux.com\/es\/producto\/bracelet-diane\/","title":{"rendered":"Pulsera DIANE"},"content":{"rendered":"","protected":false},"excerpt":{"rendered":"<p>La pulsera DIANE de Solenn es una celebraci\u00f3n de la elegancia natural y el encanto discreto. Fabricada a mano en Francia, esta pulsera encarna la delicadeza y la sofisticaci\u00f3n. Con su <strong>perlas cultivadas<\/strong> En tonos suaves de blanco, azul oscuro y rosa, esta joya captura la esencia misma de la feminidad refinada. Las perlas, cuidadosamente seleccionadas por su forma irregular y su brillo \u00fanico, se complementan con peque\u00f1as perlas rellenas de oro de 14 quilates, que ofrecen una notable resistencia al agua. DIANE es m\u00e1s que una pulsera, es un legado de belleza para llevar todos los d\u00edas.<\/p>","protected":false},"featured_media":1267,"comment_status":"open","ping_status":"closed","template":"","meta":[],"product_brand":[],"product_cat":[354,233,161,351],"product_tag":[251,209],"class_list":{"0":"post-1262","1":"product","2":"type-product","3":"status-publish","4":"has-post-thumbnail","6":"product_cat-354","7":"product_cat-bracelets","8":"product_cat-femme","9":"product_cat-soldes","10":"product_tag-gold-filled","11":"product_tag-perles-de-culture","13":"first","14":"instock","15":"shipping-taxable","16":"purchasable","17":"product-type-variable","18":"has-default-attributes"},"_links":{"self":[{"href":"https:\/\/solennbijoux.com\/es\/wp-json\/wp\/v2\/product\/1262","targetHints":{"allow":["GET"]}}],"collection":[{"href":"https:\/\/solennbijoux.com\/es\/wp-json\/wp\/v2\/product"}],"about":[{"href":"https:\/\/solennbijoux.com\/es\/wp-json\/wp\/v2\/types\/product"}],"replies":[{"embeddable":true,"href":"https:\/\/solennbijoux.com\/es\/wp-json\/wp\/v2\/comments?post=1262"}],"wp:featuredmedia":[{"embeddable":true,"href":"https:\/\/solennbijoux.com\/es\/wp-json\/wp\/v2\/media\/1267"}],"wp:attachment":[{"href":"https:\/\/solennbijoux.com\/es\/wp-json\/wp\/v2\/media?parent=1262"}],"wp:term":[{"taxonomy":"product_brand","embeddable":true,"href":"https:\/\/solennbijoux.com\/es\/wp-json\/wp\/v2\/product_brand?post=1262"},{"taxonomy":"product_cat","embeddable":true,"href":"https:\/\/solennbijoux.com\/es\/wp-json\/wp\/v2\/product_cat?post=1262"},{"taxonomy":"product_tag","embeddable":true,"href":"https:\/\/solennbijoux.com\/es\/wp-json\/wp\/v2\/product_tag?post=1262"}],"curies":[{"name":"wp","href":"https:\/\/api.w.org\/{rel}","templated":true}]}}