{"id":1439,"date":"2025-04-01T18:50:07","date_gmt":"2025-04-01T18:50:07","guid":{"rendered":"https:\/\/solennbijoux.com\/?post_type=product&#038;p=1439"},"modified":"2025-09-02T23:13:18","modified_gmt":"2025-09-02T21:13:18","slug":"bracelet-taylor","status":"publish","type":"product","link":"https:\/\/solennbijoux.com\/es\/producto\/bracelet-taylor\/","title":{"rendered":"pulsera TAYLOR"},"content":{"rendered":"","protected":false},"excerpt":{"rendered":"<p>Le bracelet TAYLOR combine \u00e9l\u00e9gamment des pierres fines pour enrichir votre quotidien avec une touche naturelle et raffin\u00e9e. Confectionn\u00e9 \u00e0 la main en France, chaque pi\u00e8ce est unique et promet de vous accompagner avec force et distinction.<\/p>","protected":false},"featured_media":1453,"comment_status":"open","ping_status":"closed","template":"","meta":[],"product_brand":[],"product_cat":[253,162],"product_tag":[303,282,265,264,158,266,246],"class_list":{"0":"post-1439","1":"product","2":"type-product","3":"status-publish","4":"has-post-thumbnail","6":"product_cat-bracelets-homme","7":"product_cat-homme","8":"product_tag-6mm","9":"product_tag-bois","10":"product_tag-jaspe-brun","11":"product_tag-oeil-de-taureau","12":"product_tag-oeil-de-tigre","13":"product_tag-pierre-de-lave","14":"product_tag-pyrite","16":"first","17":"instock","18":"shipping-taxable","19":"purchasable","20":"product-type-variable","21":"has-default-attributes"},"_links":{"self":[{"href":"https:\/\/solennbijoux.com\/es\/wp-json\/wp\/v2\/product\/1439","targetHints":{"allow":["GET"]}}],"collection":[{"href":"https:\/\/solennbijoux.com\/es\/wp-json\/wp\/v2\/product"}],"about":[{"href":"https:\/\/solennbijoux.com\/es\/wp-json\/wp\/v2\/types\/product"}],"replies":[{"embeddable":true,"href":"https:\/\/solennbijoux.com\/es\/wp-json\/wp\/v2\/comments?post=1439"}],"wp:featuredmedia":[{"embeddable":true,"href":"https:\/\/solennbijoux.com\/es\/wp-json\/wp\/v2\/media\/1453"}],"wp:attachment":[{"href":"https:\/\/solennbijoux.com\/es\/wp-json\/wp\/v2\/media?parent=1439"}],"wp:term":[{"taxonomy":"product_brand","embeddable":true,"href":"https:\/\/solennbijoux.com\/es\/wp-json\/wp\/v2\/product_brand?post=1439"},{"taxonomy":"product_cat","embeddable":true,"href":"https:\/\/solennbijoux.com\/es\/wp-json\/wp\/v2\/product_cat?post=1439"},{"taxonomy":"product_tag","embeddable":true,"href":"https:\/\/solennbijoux.com\/es\/wp-json\/wp\/v2\/product_tag?post=1439"}],"curies":[{"name":"wp","href":"https:\/\/api.w.org\/{rel}","templated":true}]}}