{"id":1496,"date":"2025-04-01T22:51:08","date_gmt":"2025-04-01T22:51:08","guid":{"rendered":"https:\/\/solennbijoux.com\/?post_type=product&#038;p=1496"},"modified":"2026-01-11T19:08:57","modified_gmt":"2026-01-11T18:08:57","slug":"bracelet-meteora","status":"publish","type":"product","link":"https:\/\/solennbijoux.com\/es\/producto\/bracelet-meteora\/","title":{"rendered":"Pulsera METEORA"},"content":{"rendered":"","protected":false},"excerpt":{"rendered":"<p>Cada pulsera METEORA es una fusi\u00f3n de rareza y elegancia, hecha a mano para ofrecer un estilo inigualable y una calidad duradera. La combinaci\u00f3n de las cuentas de \u00f3nice negro mate con la cuenta natural de meteorito de hierro de Gibeon crea un sorprendente contraste visual y un misterioso encanto. Una creaci\u00f3n de edici\u00f3n limitada destinada a causar una impresi\u00f3n duradera.<\/p>","protected":false},"featured_media":1502,"comment_status":"open","ping_status":"closed","template":"","meta":[],"product_brand":[],"product_cat":[353,253,162,351],"product_tag":[302,303,304,288,263],"class_list":{"0":"post-1496","1":"product","2":"type-product","3":"status-publish","4":"has-post-thumbnail","6":"product_cat-353","7":"product_cat-bracelets-homme","8":"product_cat-homme","9":"product_cat-soldes","10":"product_tag-4mm","11":"product_tag-6mm","12":"product_tag-8mm","13":"product_tag-meteorite-de-fer","14":"product_tag-onyx","16":"first","17":"instock","18":"shipping-taxable","19":"purchasable","20":"product-type-variable","21":"has-default-attributes"},"_links":{"self":[{"href":"https:\/\/solennbijoux.com\/es\/wp-json\/wp\/v2\/product\/1496","targetHints":{"allow":["GET"]}}],"collection":[{"href":"https:\/\/solennbijoux.com\/es\/wp-json\/wp\/v2\/product"}],"about":[{"href":"https:\/\/solennbijoux.com\/es\/wp-json\/wp\/v2\/types\/product"}],"replies":[{"embeddable":true,"href":"https:\/\/solennbijoux.com\/es\/wp-json\/wp\/v2\/comments?post=1496"}],"wp:featuredmedia":[{"embeddable":true,"href":"https:\/\/solennbijoux.com\/es\/wp-json\/wp\/v2\/media\/1502"}],"wp:attachment":[{"href":"https:\/\/solennbijoux.com\/es\/wp-json\/wp\/v2\/media?parent=1496"}],"wp:term":[{"taxonomy":"product_brand","embeddable":true,"href":"https:\/\/solennbijoux.com\/es\/wp-json\/wp\/v2\/product_brand?post=1496"},{"taxonomy":"product_cat","embeddable":true,"href":"https:\/\/solennbijoux.com\/es\/wp-json\/wp\/v2\/product_cat?post=1496"},{"taxonomy":"product_tag","embeddable":true,"href":"https:\/\/solennbijoux.com\/es\/wp-json\/wp\/v2\/product_tag?post=1496"}],"curies":[{"name":"wp","href":"https:\/\/api.w.org\/{rel}","templated":true}]}}