{"id":1619,"date":"2025-04-15T22:28:52","date_gmt":"2025-04-15T22:28:52","guid":{"rendered":"https:\/\/solennbijoux.com\/?post_type=product&#038;p=1619"},"modified":"2025-05-11T12:22:24","modified_gmt":"2025-05-11T12:22:24","slug":"carte-cadeau","status":"publish","type":"product","link":"https:\/\/solennbijoux.com\/es\/producto\/carte-cadeau\/","title":{"rendered":"Tarjeta regalo"},"content":{"rendered":"","protected":false},"excerpt":{"rendered":"<p>\u00bfBuscas el regalo perfecto pero no te decides por la joya ideal? D\u00e9se la libertad de elegir con la tarjeta regalo Solenn. Disponible en diferentes denominaciones -25 \u20ac, 50 \u20ac, 75 \u20ac, 100 \u20ac y 200 \u20ac- le abre las puertas a nuestro mundo de creaciones \u00fanicas en Gold Filled y piedras naturales. Ya sea para un cumplea\u00f1os, un aniversario o simplemente como regalo, la tarjeta regalo Solenn es una invitaci\u00f3n a descubrir o redescubrir nuestras colecciones. Elija la opci\u00f3n que m\u00e1s le convenga: la practicidad de la versi\u00f3n digital enviada al instante, o la elegancia de la tarjeta f\u00edsica, entregada en un estuche de regalo bellamente presentado.<\/p>","protected":false},"featured_media":1620,"comment_status":"open","ping_status":"closed","template":"","meta":[],"product_brand":[],"product_cat":[293],"product_tag":[],"class_list":{"0":"post-1619","1":"product","2":"type-product","3":"status-publish","4":"has-post-thumbnail","6":"product_cat-carte-cadeau","8":"first","9":"instock","10":"shipping-taxable","11":"purchasable","12":"product-type-variable","13":"has-default-attributes"},"_links":{"self":[{"href":"https:\/\/solennbijoux.com\/es\/wp-json\/wp\/v2\/product\/1619","targetHints":{"allow":["GET"]}}],"collection":[{"href":"https:\/\/solennbijoux.com\/es\/wp-json\/wp\/v2\/product"}],"about":[{"href":"https:\/\/solennbijoux.com\/es\/wp-json\/wp\/v2\/types\/product"}],"replies":[{"embeddable":true,"href":"https:\/\/solennbijoux.com\/es\/wp-json\/wp\/v2\/comments?post=1619"}],"wp:featuredmedia":[{"embeddable":true,"href":"https:\/\/solennbijoux.com\/es\/wp-json\/wp\/v2\/media\/1620"}],"wp:attachment":[{"href":"https:\/\/solennbijoux.com\/es\/wp-json\/wp\/v2\/media?parent=1619"}],"wp:term":[{"taxonomy":"product_brand","embeddable":true,"href":"https:\/\/solennbijoux.com\/es\/wp-json\/wp\/v2\/product_brand?post=1619"},{"taxonomy":"product_cat","embeddable":true,"href":"https:\/\/solennbijoux.com\/es\/wp-json\/wp\/v2\/product_cat?post=1619"},{"taxonomy":"product_tag","embeddable":true,"href":"https:\/\/solennbijoux.com\/es\/wp-json\/wp\/v2\/product_tag?post=1619"}],"curies":[{"name":"wp","href":"https:\/\/api.w.org\/{rel}","templated":true}]}}