{"id":3459,"date":"2025-07-24T18:43:39","date_gmt":"2025-07-24T16:43:39","guid":{"rendered":"https:\/\/solennbijoux.com\/?post_type=product&#038;p=3459"},"modified":"2025-08-09T12:48:16","modified_gmt":"2025-08-09T10:48:16","slug":"boucles-doreilles-celeste","status":"publish","type":"product","link":"https:\/\/solennbijoux.com\/es\/producto\/boucles-doreilles-celeste\/","title":{"rendered":"Pendientes C\u00c9LESTE"},"content":{"rendered":"","protected":false},"excerpt":{"rendered":"<p>Portez une v\u00e9ritable constellation \u00e0 vos oreilles avec les boucles d&rsquo;oreilles C\u00c9LESTE. Telle une pluie d&rsquo;\u00e9toiles scintillantes, ce bijou exceptionnel est une ode \u00e0 la lumi\u00e8re et \u00e0 l&rsquo;\u00e9l\u00e9gance f\u00e9minine. Chaque mouvement de t\u00eate cr\u00e9e une danse de lumi\u00e8re captivante, gr\u00e2ce \u00e0 sa cascade de pierres facett\u00e9es qui attirent tous les regards. Parfaites pour illuminer une tenue de soir\u00e9e, sublimer une mari\u00e9e ou simplement pour s&rsquo;offrir un \u00e9clat de magie, les boucles C\u00c9LESTE sont la promesse d&rsquo;un instant pr\u00e9cieux.<\/p>","protected":false},"featured_media":3765,"comment_status":"open","ping_status":"closed","template":"","meta":[],"product_brand":[],"product_cat":[84,161,320],"product_tag":[251,163],"class_list":{"0":"post-3459","1":"product","2":"type-product","3":"status-publish","4":"has-post-thumbnail","6":"product_cat-boucles-doreilles","7":"product_cat-femme","8":"product_cat-nouvelle-collection","9":"product_tag-gold-filled","10":"product_tag-oxyde-de-zirconium","12":"first","13":"instock","14":"shipping-taxable","15":"purchasable","16":"product-type-variable","17":"has-default-attributes"},"_links":{"self":[{"href":"https:\/\/solennbijoux.com\/es\/wp-json\/wp\/v2\/product\/3459","targetHints":{"allow":["GET"]}}],"collection":[{"href":"https:\/\/solennbijoux.com\/es\/wp-json\/wp\/v2\/product"}],"about":[{"href":"https:\/\/solennbijoux.com\/es\/wp-json\/wp\/v2\/types\/product"}],"replies":[{"embeddable":true,"href":"https:\/\/solennbijoux.com\/es\/wp-json\/wp\/v2\/comments?post=3459"}],"wp:featuredmedia":[{"embeddable":true,"href":"https:\/\/solennbijoux.com\/es\/wp-json\/wp\/v2\/media\/3765"}],"wp:attachment":[{"href":"https:\/\/solennbijoux.com\/es\/wp-json\/wp\/v2\/media?parent=3459"}],"wp:term":[{"taxonomy":"product_brand","embeddable":true,"href":"https:\/\/solennbijoux.com\/es\/wp-json\/wp\/v2\/product_brand?post=3459"},{"taxonomy":"product_cat","embeddable":true,"href":"https:\/\/solennbijoux.com\/es\/wp-json\/wp\/v2\/product_cat?post=3459"},{"taxonomy":"product_tag","embeddable":true,"href":"https:\/\/solennbijoux.com\/es\/wp-json\/wp\/v2\/product_tag?post=3459"}],"curies":[{"name":"wp","href":"https:\/\/api.w.org\/{rel}","templated":true}]}}