{"id":3464,"date":"2025-07-24T19:02:02","date_gmt":"2025-07-24T17:02:02","guid":{"rendered":"https:\/\/solennbijoux.com\/?post_type=product&#038;p=3464"},"modified":"2026-01-11T19:07:47","modified_gmt":"2026-01-11T18:07:47","slug":"boucles-doreilles-zephyr","status":"publish","type":"product","link":"https:\/\/solennbijoux.com\/es\/producto\/boucles-doreilles-zephyr\/","title":{"rendered":"Pendientes ZEPHYR"},"content":{"rendered":"","protected":false},"excerpt":{"rendered":"<p>Laissez-vous porter par la douceur d&rsquo;une brise l\u00e9g\u00e8re avec les boucles d&rsquo;oreilles ZEPHYR. Tel un murmure d&rsquo;amour \u00e0 votre oreille, ce bijou d\u00e9licat est une petite cascade de deux c\u0153urs scintillants. Discr\u00e8tes par leur taille mais \u00e9clatantes par leur brillance, elles captent la lumi\u00e8re \u00e0 chaque mouvement pour un \u00e9clat subtil et raffin\u00e9. Les boucles ZEPHYR sont la touche de po\u00e9sie et de romantisme parfaite pour illuminer votre quotidien avec finesse.<\/p>","protected":false},"featured_media":3766,"comment_status":"open","ping_status":"closed","template":"","meta":[],"product_brand":[],"product_cat":[352,84,161,320,351],"product_tag":[251,163],"class_list":{"0":"post-3464","1":"product","2":"type-product","3":"status-publish","4":"has-post-thumbnail","6":"product_cat-352","7":"product_cat-boucles-doreilles","8":"product_cat-femme","9":"product_cat-nouvelle-collection","10":"product_cat-soldes","11":"product_tag-gold-filled","12":"product_tag-oxyde-de-zirconium","14":"first","15":"instock","16":"shipping-taxable","17":"purchasable","18":"product-type-variable","19":"has-default-attributes"},"_links":{"self":[{"href":"https:\/\/solennbijoux.com\/es\/wp-json\/wp\/v2\/product\/3464","targetHints":{"allow":["GET"]}}],"collection":[{"href":"https:\/\/solennbijoux.com\/es\/wp-json\/wp\/v2\/product"}],"about":[{"href":"https:\/\/solennbijoux.com\/es\/wp-json\/wp\/v2\/types\/product"}],"replies":[{"embeddable":true,"href":"https:\/\/solennbijoux.com\/es\/wp-json\/wp\/v2\/comments?post=3464"}],"wp:featuredmedia":[{"embeddable":true,"href":"https:\/\/solennbijoux.com\/es\/wp-json\/wp\/v2\/media\/3766"}],"wp:attachment":[{"href":"https:\/\/solennbijoux.com\/es\/wp-json\/wp\/v2\/media?parent=3464"}],"wp:term":[{"taxonomy":"product_brand","embeddable":true,"href":"https:\/\/solennbijoux.com\/es\/wp-json\/wp\/v2\/product_brand?post=3464"},{"taxonomy":"product_cat","embeddable":true,"href":"https:\/\/solennbijoux.com\/es\/wp-json\/wp\/v2\/product_cat?post=3464"},{"taxonomy":"product_tag","embeddable":true,"href":"https:\/\/solennbijoux.com\/es\/wp-json\/wp\/v2\/product_tag?post=3464"}],"curies":[{"name":"wp","href":"https:\/\/api.w.org\/{rel}","templated":true}]}}