{"id":3470,"date":"2025-07-24T19:32:30","date_gmt":"2025-07-24T17:32:30","guid":{"rendered":"https:\/\/solennbijoux.com\/?post_type=product&#038;p=3470"},"modified":"2026-01-11T19:07:33","modified_gmt":"2026-01-11T18:07:33","slug":"boucles-doreilles-thalys","status":"publish","type":"product","link":"https:\/\/solennbijoux.com\/es\/producto\/boucles-doreilles-thalys\/","title":{"rendered":"Pendientes THALYS"},"content":{"rendered":"","protected":false},"excerpt":{"rendered":"<p>Entrez dans la danse avec les boucles d&rsquo;oreilles THALYS, un bijou tout en mouvement et en contraste. Telle une m\u00e9lodie visuelle, cette cr\u00e9ation unique orchestre un jeu de c\u0153urs captivant : les c\u0153urs pleins, scintillants d&rsquo;oxyde de zirconium, r\u00e9pondent aux c\u0153urs ajour\u00e9s, l\u00e9gers et graphiques. C&rsquo;est un bijou qui c\u00e9l\u00e8bre l&rsquo;amour sous toutes ses formes, dans un \u00e9quilibre parfait entre l&rsquo;\u00e9clat et la finesse. Les boucles THALYS sont l&rsquo;expression d&rsquo;une f\u00e9minit\u00e9 moderne, romantique et pleine de vie.<\/p>","protected":false},"featured_media":3767,"comment_status":"open","ping_status":"closed","template":"","meta":[],"product_brand":[],"product_cat":[352,84,161,320,351],"product_tag":[251,163],"class_list":{"0":"post-3470","1":"product","2":"type-product","3":"status-publish","4":"has-post-thumbnail","6":"product_cat-352","7":"product_cat-boucles-doreilles","8":"product_cat-femme","9":"product_cat-nouvelle-collection","10":"product_cat-soldes","11":"product_tag-gold-filled","12":"product_tag-oxyde-de-zirconium","14":"first","15":"instock","16":"shipping-taxable","17":"purchasable","18":"product-type-variable","19":"has-default-attributes"},"_links":{"self":[{"href":"https:\/\/solennbijoux.com\/es\/wp-json\/wp\/v2\/product\/3470","targetHints":{"allow":["GET"]}}],"collection":[{"href":"https:\/\/solennbijoux.com\/es\/wp-json\/wp\/v2\/product"}],"about":[{"href":"https:\/\/solennbijoux.com\/es\/wp-json\/wp\/v2\/types\/product"}],"replies":[{"embeddable":true,"href":"https:\/\/solennbijoux.com\/es\/wp-json\/wp\/v2\/comments?post=3470"}],"wp:featuredmedia":[{"embeddable":true,"href":"https:\/\/solennbijoux.com\/es\/wp-json\/wp\/v2\/media\/3767"}],"wp:attachment":[{"href":"https:\/\/solennbijoux.com\/es\/wp-json\/wp\/v2\/media?parent=3470"}],"wp:term":[{"taxonomy":"product_brand","embeddable":true,"href":"https:\/\/solennbijoux.com\/es\/wp-json\/wp\/v2\/product_brand?post=3470"},{"taxonomy":"product_cat","embeddable":true,"href":"https:\/\/solennbijoux.com\/es\/wp-json\/wp\/v2\/product_cat?post=3470"},{"taxonomy":"product_tag","embeddable":true,"href":"https:\/\/solennbijoux.com\/es\/wp-json\/wp\/v2\/product_tag?post=3470"}],"curies":[{"name":"wp","href":"https:\/\/api.w.org\/{rel}","templated":true}]}}